{"id":11,"date":"2023-11-07T13:05:40","date_gmt":"2023-11-07T12:05:40","guid":{"rendered":"https:\/\/barcelonasustainablegastronomy.com\/?page_id=11"},"modified":"2023-11-25T09:15:04","modified_gmt":"2023-11-25T08:15:04","slug":"avis-legal","status":"publish","type":"page","link":"https:\/\/barcelonasustainablegastronomy.com\/ca\/avis-legal\/","title":{"rendered":"Av\u00eds legal"},"content":{"rendered":"\n<h3 class=\"wp-block-heading\">1. Informaci\u00f3 general <\/h3>\n\n\n\n<p>El Consorci de Turisme de Barcelona (d\u2019ara endavant, BARCELONA TURISME) \u00e9s una entitat amb personalitat jur\u00eddica p\u00fablica. La constituci\u00f3 de BARCELONA TURISME va ser aprovada mitjan\u00e7ant acord, de 8 de setembre de 1993, de l&#8217;Ajuntament de Barcelona, la Cambra de Comer\u00e7 d&#8217;Ind\u00fastria i Navegaci\u00f3 de Barcelona i la Fundaci\u00f3 per a la Promoci\u00f3 de Barcelona, publicat al Butllet\u00ed Oficial de la Prov\u00edncia de Barcelona (BOPB), n\u00fam. 310, de 28 de desembre de 1993. BARCELONA TURISME opera amb el NIF n\u00fam. P-5890003- F. <\/p>\n\n\n\n<h3 class=\"wp-block-heading\">2. Dades de contacte <\/h3>\n\n\n\n<p><strong>Adre\u00e7a postal:<\/strong> Passatge de la Concepci\u00f3, 7-9. 08008 Barcelona <br><strong>Tel\u00e8fon:<\/strong> +34 93 368 97 00 <br><strong>Horari d\u2019atenci\u00f3:<\/strong> De 9.00 a 14.30 hores i de 15.30 a 18.30 hores (de dilluns a dijous) i de 9.00 a 15.00 hores (divendres) <br><strong>Adre\u00e7a electr\u00f2nica:<\/strong> <a href=\"mailto:info@barcelonaturisme.cat\" target=\"_blank\" rel=\"noreferrer noopener\">info@barcelonaturisme.cat<\/a> <\/p>\n\n\n\n<h3 class=\"wp-block-heading\"><strong>3. Condicions generals d\u2019\u00fas <\/strong><\/h3>\n\n\n\n<p>Les presents condicions generals d&#8217;\u00fas i navegaci\u00f3 (en endavant, les &#8220;condicions&#8221;), tenen com a objectiu regular la relaci\u00f3 entre el titular de la p\u00e0gina web, com a prestador del servei, i els usuaris que accedeixen, naveguen i gaudeixen del servei ofert (en endavant, referit de manera individual com a &#8220;usuari&#8221; o de forma col\u00b7lectiva com a &#8220;usuaris&#8221;). <\/p>\n\n\n\n<p>Si l&#8217;usuari continua navegant i fent \u00fas dels serveis que oferim a trav\u00e9s de la nostra p\u00e0gina web, accepta sense reserves de cap tipus, les presents condicions d&#8217;\u00fas. <\/p>\n\n\n\n<p>El titular de la p\u00e0gina web es reserva el dret de modificar les presents condicions en qualsevol moment i en la seva \u00fanica discreci\u00f3, de manera que aconsellem a l&#8217;usuari que les revisi freq\u00fcentment. <\/p>\n\n\n\n<h3 class=\"wp-block-heading\">4. Propietat intel\u00b7lectual i industrial <\/h3>\n\n\n\n<p><strong>4.1. Protecci\u00f3 legal dels continguts <\/strong><\/p>\n\n\n\n<p>El titular de la p\u00e0gina web ho \u00e9s tamb\u00e9 dels drets d&#8217;explotaci\u00f3 de propietat intel\u00b7lectual i industrial de la p\u00e0gina web, incloent-ne tots els continguts i elements (a t\u00edtol enunciatiu, textos, imatges, \u00e0udio i v\u00eddeos) disponibles des de la p\u00e0gina web, aix\u00ed com dels que hi hagi allotjats en llocs de tercers b\u00e9 perqu\u00e8 s\u00f3n de la seva propietat, b\u00e9 perqu\u00e8 ha obtingut els drets oportuns per utilitzar-los. Igualment, el titular ha obtingut les autoritzacions oportunes relatives a drets d&#8217;imatge dels qui apareixen a la p\u00e0gina web. <\/p>\n\n\n\n<p>Queda prohibida la reproducci\u00f3 total o parcial, c\u00f2pia o distribuci\u00f3 del contingut, sense autoritzaci\u00f3 expressa per part del titular. En cap cas s&#8217;entendr\u00e0 que l&#8217;acc\u00e9s i navegaci\u00f3 de l&#8217;usuari implica una ren\u00fancia, transmissi\u00f3, llic\u00e8ncia o cessi\u00f3 total ni parcial d&#8217;aquests drets per part del titular de la p\u00e0gina web. Aix\u00ed mateix, est\u00e0 prohibit modificar, copiar, reutilitzar, explotar, reproduir, comunicar p\u00fablicament, transmetre, usar, tractar o distribuir de qualsevol forma la totalitat o part dels continguts i elements de la p\u00e0gina web per a prop\u00f2sits p\u00fablics o comercials, si no es disposa de l&#8217;autoritzaci\u00f3 expressa i per escrit del titular. <\/p>\n\n\n\n<p>Per tant, d&#8217;acord amb el par\u00e0graf anterior, l&#8217;usuari podr\u00e0, a m\u00e9s de visualitzar els continguts i elements de la p\u00e0gina web, realitzar-ne impressions, c\u00f2pies o desc\u00e0rregues sempre que aquestes accions estiguin dirigides exclusivament al seu \u00fas personal i privat. <\/p>\n\n\n\n<p>Queda tanmateix prohibida la utilitzaci\u00f3 de les dades de contacte del titular (adre\u00e7a postal, adre\u00e7a de correu electr\u00f2nic) per enviar qualsevol tipus de comunicaci\u00f3 comercial, llevat que pr\u00e8viament es disposi de les necess\u00e0ries autoritzacions conforme disposa la normativa aplicable. <\/p>\n\n\n\n<p><strong>4.2. Marques i logotips associats<\/strong> <\/p>\n\n\n\n<p>Les marques incorporades a la p\u00e0gina web pertanyen al titular o a tercers, i es disposa de l&#8217;autoritzaci\u00f3 d&#8217;aquests tercers per a l\u2019\u00fas en la p\u00e0gina web. <\/p>\n\n\n\n<p>Els qui naveguen per la p\u00e0gina web tenen prohibit utilitzar aquestes marques, logotips i signes distintius sense l&#8217;autoritzaci\u00f3 del titular o llic\u00e8ncia d&#8217;\u00fas. <\/p>\n\n\n\n<h3 class=\"wp-block-heading\">5. Responsabilitat <\/h3>\n\n\n\n<p><strong>5.1. Suspensi\u00f3 de la p\u00e0gina web <\/strong><\/p>\n\n\n\n<p>El funcionament de la p\u00e0gina web es recolza en servidors d&#8217;empreses prestadores de serveis, connectats mitjan\u00e7ant infraestructures de comunicacions de car\u00e0cter p\u00fablic i privat. <\/p>\n\n\n\n<p>El titular de la p\u00e0gina web far\u00e0 tot el possible per garantir-ne el correcte funcionament, per\u00f2 no pot assegurar l&#8217;abs\u00e8ncia d&#8217;interrupcions per raons de tipus t\u00e8cnic amb la finalitat de realitzar tasques de reparaci\u00f3 i\/o manteniment o de manca de cobertura o errades en els equips i\/o de les xarxes necess\u00e0ries per transmetre dades, que s\u00f3n alienes al seu control. <\/p>\n\n\n\n<p>Aix\u00ed, l&#8217;acc\u00e9s a la p\u00e0gina web es pot veure susp\u00e8s per causes de for\u00e7a major (causes imprevisibles o que, previstes o previsibles, s\u00f3n inevitables) com ara les que s&#8217;expressen a continuaci\u00f3 a t\u00edtol enumeratiu, per\u00f2 no limitatiu: <\/p>\n\n\n\n<ul class=\"wp-block-list\">\n<li>a. Errors en el subministrament de xarxa el\u00e8ctrica o telef\u00f2nica. <\/li>\n\n\n\n<li>b. Atacs amb virus als servidors que suporten la p\u00e0gina web. <\/li>\n\n\n\n<li>c. Errors dels usuaris en accedir a la p\u00e0gina web. <\/li>\n\n\n\n<li>d. Incendis, inundacions, terratr\u00e8mols o altres fets de la natura. <\/li>\n\n\n\n<li>e. Vagues o conflictes laborals. <\/li>\n\n\n\n<li>f. Conflictes b\u00e8l\u00b7lics o altres situacions de for\u00e7a major. <\/li>\n<\/ul>\n\n\n\n<p>El titular de la p\u00e0gina web queda exonerat de qualsevol tipus de responsabilitat si s\u2019arrib\u00e9s a materialitzar qualsevol de les circumst\u00e0ncies indicades en aquesta estipulaci\u00f3. <\/p>\n\n\n\n<p><strong>5.2. Responsabilitat de l\u2019usuari <\/strong><\/p>\n\n\n\n<p>L&#8217;usuari utilitzar\u00e0 la p\u00e0gina web per propi compte i risc. Mitjan\u00e7ant el seu acc\u00e9s a la p\u00e0gina web, s&#8217;obliga a utilitzar-la d\u2019acord amb el que disposa la legislaci\u00f3 i els codis \u00e8tics que siguin aplicables, aix\u00ed com les condicions contingudes en les presents condicions d&#8217;\u00fas. <\/p>\n\n\n\n<p>Incomplir qualsevol de les normes incloses en aquestes condicions o la legislaci\u00f3 en la qual s&#8217;emparen, donar\u00e0 lloc a la responsabilitat de l&#8217;usuari davant del titular de la p\u00e0gina web i\/o davant de tercers, per qualsevol dany o perjudici que pogu\u00e9s causar com a conseq\u00fc\u00e8ncia de l&#8217;esmentat incompliment, amb independ\u00e8ncia de si aix\u00f2 implica la materialitzaci\u00f3 d&#8217;un il\u00b7l\u00edcit, una sanci\u00f3 administrativa, una falta o un delicte i donar\u00e0 dret al titular de la p\u00e0gina web a, si s&#8217;escau, exigir-ne la responsabilitat en l\u2019\u00e0mbit civil, administratiu, laboral o penal que pugui correspondre. <\/p>\n\n\n\n<p><strong>5.3. Responsabilitat del titular <\/strong><\/p>\n\n\n\n<p>El titular de la p\u00e0gina web no es fa responsable de cap dany causat a l&#8217;usuari o tercers com a conseq\u00fc\u00e8ncia d&#8217;un incompliment imputable a l&#8217;usuari ni tampoc de l&#8217;alteraci\u00f3 en els equips de l&#8217;usuari. <\/p>\n\n\n\n<p>Aix\u00ed mateix, tampoc assumeix cap responsabilitat per intromissions il\u00b7leg\u00edtimes mitjan\u00e7ant l&#8217;\u00fas de virus inform\u00e0tics o un altre, qualsevol que en sigui la proced\u00e8ncia, l&#8217;\u00fas indegut de la p\u00e0gina web per part de l&#8217;usuari ni errors de seguretat motivat per l&#8217;incorrecte funcionament dels equips terminals utilitzats per l\u2019usuari. <\/p>\n\n\n\n<h3 class=\"wp-block-heading\">6. Obligacions de l\u2019usuari <\/h3>\n\n\n\n<p>L&#8217;usuari no pot, en cap moment modificar, alterar o suprimir qualsevol dada, informaci\u00f3, contingut o element o contingut que es trobi incl\u00f2s en la p\u00e0gina web. <\/p>\n\n\n\n<p>L&#8217;usuari haur\u00e0 d&#8217;utilitzar els serveis que posem a la seva disposici\u00f3 de forma diligent, correcta i l\u00edcita. I no pot, per cap concepte, difondre continguts o propaganda de car\u00e0cter racista, pornogr\u00e0fic, xen\u00f2fob o que en general faci apologia d&#8217;actes delictius, violents o denigrants per a les persones i els drets fonamentals. <\/p>\n\n\n\n<p>L&#8217;usuari no pot incloure programari, virus, malware o qualsevol altre agent nociu per als sistemes inform\u00e0tics que puguin danyar o alterar els dispositius o terminals de la companyia o de la resta d&#8217;usuaris. <\/p>\n\n\n\n<p>L&#8217;usuari ser\u00e0 l&#8217;\u00fanic responsable dels danys i perjudicis que poguessin ocasionar-se per incomplir les condicions i obligacions exposades en les presents condicions. <\/p>\n\n\n\n<p>L&#8217;usuari t\u00e9 prohibit transmetre, incloure o difondre publicitat de si mateix o de tercers a trav\u00e9s de qualsevol mitj\u00e0 disponible a la nostra p\u00e0gina web, si no n\u2019ha obtingut l&#8217;autoritzaci\u00f3 expressa del titular. <\/p>\n\n\n\n<h3 class=\"wp-block-heading\">7. Hiperenlla\u00e7os <\/h3>\n\n\n\n<p>Les mencions que en la p\u00e0gina web es puguin realitzar a altres llocs web de tercers, tindran mer car\u00e0cter informatiu. El titular de la p\u00e0gina web no desenvolupa ni administra aquestes p\u00e0gines ni \u00e9s titular de les adreces d&#8217;Internet esmentades llevat que aix\u00f2 s&#8217;indiqui de forma expressa. Per aix\u00f2, aquest no ser\u00e0 responsable dels continguts que aquelles incorporin, ni pels danys o perjudicis derivats de l&#8217;acc\u00e9s ni pels generats pels serveis que subministrin. <\/p>\n\n\n\n<p>El titular de la p\u00e0gina web autoritza establir enlla\u00e7os i hiperenlla\u00e7os des d&#8217;altres p\u00e0gines web. No obstant aix\u00f2, tot aquell que es proposi establir un enlla\u00e7 entre el seu lloc web i la p\u00e0gina web ho far\u00e0 respectant les seg\u00fcents condicions: <\/p>\n\n\n\n<ul class=\"wp-block-list\">\n<li>a. La p\u00e0gina web en la qual s&#8217;estableixi l\u2019enlla\u00e7 no contindr\u00e0 informacions o continguts il\u00b7l\u00edcits, contraris a la moral, els bons costums, l&#8217;ordre p\u00fablic o qualssevol drets de tercers. <\/li>\n\n\n\n<li>b. No es declarar\u00e0 ni es donar\u00e0 a entendre que el titular de la p\u00e0gina web ha autoritzat expressament l\u2019enlla\u00e7 o que ha supervisat pr\u00e8viament, assumit o recomanat de qualsevol forma els serveis oferts o posats a disposici\u00f3 en el lloc web que estableix l\u2019enlla\u00e7 amb la p\u00e0gina web. Es recomana per aix\u00f2 a qui navegui a la p\u00e0gina web que extremi la prud\u00e8ncia en la valoraci\u00f3 i utilitzaci\u00f3 de la informaci\u00f3, continguts i serveis existents en els llocs enlla\u00e7ats. <\/li>\n\n\n\n<li>c. Establir l&#8217;enlla\u00e7 no implica, en cap cas, l&#8217;exist\u00e8ncia de relacions entre el titular de la p\u00e0gina web i el titular del lloc web en el qual s&#8217;incorpori dit enlla\u00e7. <\/li>\n<\/ul>\n\n\n\n<h3 class=\"wp-block-heading\">8. Legislaci\u00f3 aplicable <\/h3>\n\n\n\n<p>BARCELONA TURISME vetllar\u00e0 per la correcta utilitzaci\u00f3 del web i els continguts, exercitant les accions civils i penals que li corresponguin, especialment en aquells casos d&#8217;infracci\u00f3 dels drets de propietat intel\u00b7lectual i industrial. <\/p>\n\n\n\n<p>Els presents termes i condicions es regiran per les lleis i normes de l&#8217;ordenament jur\u00eddic espanyol. Per a aquells casos que sigui possible la submissi\u00f3 volunt\u00e0ria a un fur determinat, el titular de la p\u00e0gina web i l&#8217;usuari se sotmetran als Jutjats i Tribunals de Barcelona. <\/p>\n\n\n\n<h3 class=\"wp-block-heading\">9. Resoluci\u00f3 de conflictes <\/h3>\n\n\n\n<p>Aquells conflictes que es poguessin generar entre el consumidor i BARCELONA TURISME, com a conseq\u00fc\u00e8ncia d&#8217;un incompliment de les condicions de contractaci\u00f3, es regiran pel que disposa la legislaci\u00f3 vigent, i s\u00f3n aplicables les normes de l&#8217;ordenament jur\u00eddic espanyol. <\/p>\n\n\n\n<p>Si algun dels presents termes es considera nul o inaplicable, aquesta disposici\u00f3 es considerar\u00e0 no posada i no afectar\u00e0 la validesa de la resta de disposicions. <\/p>\n\n\n\n<p>Us informem que hi ha una plataforma europea de resoluci\u00f3 extrajudicial en l\u00ednia de litigis relatius a obligacions contractuals derivades de contractes de compravenda o de prestaci\u00f3 de serveis celebrats en l\u00ednia entre un consumidor i un comerciant residents a la Uni\u00f3 Europea, mitjan\u00e7ant la intervenci\u00f3 d&#8217;una entitat de resoluci\u00f3 alternativa. En cas de conflicte o incompliment contractual, podeu presentar una reclamaci\u00f3 en l\u00ednia al portal habilitat per a aix\u00f2, tot accedint a aquesta plataforma des d&#8217;aqu\u00ed: <a href=\"https:\/\/ec.europa.eu\/consumers\/odr\/main\/index.cfm?event=main.home.show&amp;lng=ES\" target=\"_blank\" rel=\"noreferrer noopener\">https:\/\/ec.europa.eu\/consumers\/odr\/main\/index.cfm?event=main.home.show&amp;lng=ES<\/a>. <\/p>\n","protected":false},"excerpt":{"rendered":"<p>1. Informaci\u00f3 general El Consorci de Turisme de Barcelona (d\u2019ara endavant, BARCELONA TURISME) \u00e9s una entitat amb personalitat jur\u00eddica p\u00fablica. La constituci\u00f3 de BARCELONA TURISME va ser aprovada mitjan\u00e7ant acord, de 8 de setembre de 1993, de l&#8217;Ajuntament de Barcelona, la Cambra de Comer\u00e7 d&#8217;Ind\u00fastria i Navegaci\u00f3 de Barcelona i la Fundaci\u00f3 per a la [&hellip;]<\/p>\n","protected":false},"author":1,"featured_media":0,"parent":0,"menu_order":0,"comment_status":"closed","ping_status":"closed","template":"","meta":{"_acf_changed":false,"footnotes":""},"class_list":["post-11","page","type-page","status-publish","hentry"],"acf":[],"yoast_head":"<!-- This site is optimized with the Yoast SEO plugin v27.3 - https:\/\/yoast.com\/product\/yoast-seo-wordpress\/ -->\n<title>Av\u00eds legal - Barcelona Sustainable Gastronomy<\/title>\n<meta name=\"robots\" content=\"index, follow, max-snippet:-1, max-image-preview:large, max-video-preview:-1\" \/>\n<link rel=\"canonical\" href=\"https:\/\/barcelonasustainablegastronomy.com\/avis-legal\/\" \/>\n<meta property=\"og:locale\" content=\"ca_ES\" \/>\n<meta property=\"og:type\" content=\"article\" \/>\n<meta property=\"og:title\" content=\"Av\u00eds legal - Barcelona Sustainable Gastronomy\" \/>\n<meta property=\"og:description\" content=\"1. Informaci\u00f3 general El Consorci de Turisme de Barcelona (d\u2019ara endavant, BARCELONA TURISME) \u00e9s una entitat amb personalitat jur\u00eddica p\u00fablica. La constituci\u00f3 de BARCELONA TURISME va ser aprovada mitjan\u00e7ant acord, de 8 de setembre de 1993, de l&#8217;Ajuntament de Barcelona, la Cambra de Comer\u00e7 d&#8217;Ind\u00fastria i Navegaci\u00f3 de Barcelona i la Fundaci\u00f3 per a la [&hellip;]\" \/>\n<meta property=\"og:url\" content=\"https:\/\/barcelonasustainablegastronomy.com\/avis-legal\/\" \/>\n<meta property=\"og:site_name\" content=\"Barcelona Sustainable Gastronomy\" \/>\n<meta property=\"article:modified_time\" content=\"2023-11-25T08:15:04+00:00\" \/>\n<meta name=\"twitter:card\" content=\"summary_large_image\" \/>\n<script type=\"application\/ld+json\" class=\"yoast-schema-graph\">{\"@context\":\"https:\\\/\\\/schema.org\",\"@graph\":[{\"@type\":\"WebPage\",\"@id\":\"https:\\\/\\\/barcelonasustainablegastronomy.com\\\/avis-legal\\\/\",\"url\":\"https:\\\/\\\/barcelonasustainablegastronomy.com\\\/avis-legal\\\/\",\"name\":\"Av\u00eds legal - Barcelona Sustainable Gastronomy\",\"isPartOf\":{\"@id\":\"https:\\\/\\\/barcelonasustainablegastronomy.com\\\/#website\"},\"datePublished\":\"2023-11-07T12:05:40+00:00\",\"dateModified\":\"2023-11-25T08:15:04+00:00\",\"breadcrumb\":{\"@id\":\"https:\\\/\\\/barcelonasustainablegastronomy.com\\\/avis-legal\\\/#breadcrumb\"},\"inLanguage\":\"ca\",\"potentialAction\":[{\"@type\":\"ReadAction\",\"target\":[\"https:\\\/\\\/barcelonasustainablegastronomy.com\\\/avis-legal\\\/\"]}]},{\"@type\":\"BreadcrumbList\",\"@id\":\"https:\\\/\\\/barcelonasustainablegastronomy.com\\\/avis-legal\\\/#breadcrumb\",\"itemListElement\":[{\"@type\":\"ListItem\",\"position\":1,\"name\":\"Inici\",\"item\":\"https:\\\/\\\/barcelonasustainablegastronomy.com\\\/\"},{\"@type\":\"ListItem\",\"position\":2,\"name\":\"Av\u00eds legal\"}]},{\"@type\":\"WebSite\",\"@id\":\"https:\\\/\\\/barcelonasustainablegastronomy.com\\\/#website\",\"url\":\"https:\\\/\\\/barcelonasustainablegastronomy.com\\\/\",\"name\":\"Barcelona Sustainable Gastronomy Cooking for the Future\",\"description\":\"\",\"publisher\":{\"@id\":\"https:\\\/\\\/barcelonasustainablegastronomy.com\\\/#organization\"},\"potentialAction\":[{\"@type\":\"SearchAction\",\"target\":{\"@type\":\"EntryPoint\",\"urlTemplate\":\"https:\\\/\\\/barcelonasustainablegastronomy.com\\\/?s={search_term_string}\"},\"query-input\":{\"@type\":\"PropertyValueSpecification\",\"valueRequired\":true,\"valueName\":\"search_term_string\"}}],\"inLanguage\":\"ca\"},{\"@type\":\"Organization\",\"@id\":\"https:\\\/\\\/barcelonasustainablegastronomy.com\\\/#organization\",\"name\":\"Barcelona Sustainable Gastronomy Cooking for the Future\",\"url\":\"https:\\\/\\\/barcelonasustainablegastronomy.com\\\/\",\"logo\":{\"@type\":\"ImageObject\",\"inLanguage\":\"ca\",\"@id\":\"https:\\\/\\\/barcelonasustainablegastronomy.com\\\/#\\\/schema\\\/logo\\\/image\\\/\",\"url\":\"https:\\\/\\\/barcelonasustainablegastronomy.com\\\/wp-content\\\/uploads\\\/2023\\\/11\\\/bcnSustainableGastronomy_logo_mail.png\",\"contentUrl\":\"https:\\\/\\\/barcelonasustainablegastronomy.com\\\/wp-content\\\/uploads\\\/2023\\\/11\\\/bcnSustainableGastronomy_logo_mail.png\",\"width\":220,\"height\":62,\"caption\":\"Barcelona Sustainable Gastronomy Cooking for the Future\"},\"image\":{\"@id\":\"https:\\\/\\\/barcelonasustainablegastronomy.com\\\/#\\\/schema\\\/logo\\\/image\\\/\"}}]}<\/script>\n<!-- \/ Yoast SEO plugin. -->","yoast_head_json":{"title":"Av\u00eds legal - Barcelona Sustainable Gastronomy","robots":{"index":"index","follow":"follow","max-snippet":"max-snippet:-1","max-image-preview":"max-image-preview:large","max-video-preview":"max-video-preview:-1"},"canonical":"https:\/\/barcelonasustainablegastronomy.com\/avis-legal\/","og_locale":"ca_ES","og_type":"article","og_title":"Av\u00eds legal - Barcelona Sustainable Gastronomy","og_description":"1. Informaci\u00f3 general El Consorci de Turisme de Barcelona (d\u2019ara endavant, BARCELONA TURISME) \u00e9s una entitat amb personalitat jur\u00eddica p\u00fablica. La constituci\u00f3 de BARCELONA TURISME va ser aprovada mitjan\u00e7ant acord, de 8 de setembre de 1993, de l&#8217;Ajuntament de Barcelona, la Cambra de Comer\u00e7 d&#8217;Ind\u00fastria i Navegaci\u00f3 de Barcelona i la Fundaci\u00f3 per a la [&hellip;]","og_url":"https:\/\/barcelonasustainablegastronomy.com\/avis-legal\/","og_site_name":"Barcelona Sustainable Gastronomy","article_modified_time":"2023-11-25T08:15:04+00:00","twitter_card":"summary_large_image","schema":{"@context":"https:\/\/schema.org","@graph":[{"@type":"WebPage","@id":"https:\/\/barcelonasustainablegastronomy.com\/avis-legal\/","url":"https:\/\/barcelonasustainablegastronomy.com\/avis-legal\/","name":"Av\u00eds legal - Barcelona Sustainable Gastronomy","isPartOf":{"@id":"https:\/\/barcelonasustainablegastronomy.com\/#website"},"datePublished":"2023-11-07T12:05:40+00:00","dateModified":"2023-11-25T08:15:04+00:00","breadcrumb":{"@id":"https:\/\/barcelonasustainablegastronomy.com\/avis-legal\/#breadcrumb"},"inLanguage":"ca","potentialAction":[{"@type":"ReadAction","target":["https:\/\/barcelonasustainablegastronomy.com\/avis-legal\/"]}]},{"@type":"BreadcrumbList","@id":"https:\/\/barcelonasustainablegastronomy.com\/avis-legal\/#breadcrumb","itemListElement":[{"@type":"ListItem","position":1,"name":"Inici","item":"https:\/\/barcelonasustainablegastronomy.com\/"},{"@type":"ListItem","position":2,"name":"Av\u00eds legal"}]},{"@type":"WebSite","@id":"https:\/\/barcelonasustainablegastronomy.com\/#website","url":"https:\/\/barcelonasustainablegastronomy.com\/","name":"Barcelona Sustainable Gastronomy Cooking for the Future","description":"","publisher":{"@id":"https:\/\/barcelonasustainablegastronomy.com\/#organization"},"potentialAction":[{"@type":"SearchAction","target":{"@type":"EntryPoint","urlTemplate":"https:\/\/barcelonasustainablegastronomy.com\/?s={search_term_string}"},"query-input":{"@type":"PropertyValueSpecification","valueRequired":true,"valueName":"search_term_string"}}],"inLanguage":"ca"},{"@type":"Organization","@id":"https:\/\/barcelonasustainablegastronomy.com\/#organization","name":"Barcelona Sustainable Gastronomy Cooking for the Future","url":"https:\/\/barcelonasustainablegastronomy.com\/","logo":{"@type":"ImageObject","inLanguage":"ca","@id":"https:\/\/barcelonasustainablegastronomy.com\/#\/schema\/logo\/image\/","url":"https:\/\/barcelonasustainablegastronomy.com\/wp-content\/uploads\/2023\/11\/bcnSustainableGastronomy_logo_mail.png","contentUrl":"https:\/\/barcelonasustainablegastronomy.com\/wp-content\/uploads\/2023\/11\/bcnSustainableGastronomy_logo_mail.png","width":220,"height":62,"caption":"Barcelona Sustainable Gastronomy Cooking for the Future"},"image":{"@id":"https:\/\/barcelonasustainablegastronomy.com\/#\/schema\/logo\/image\/"}}]}},"_links":{"self":[{"href":"https:\/\/barcelonasustainablegastronomy.com\/ca\/wp-json\/wp\/v2\/pages\/11","targetHints":{"allow":["GET"]}}],"collection":[{"href":"https:\/\/barcelonasustainablegastronomy.com\/ca\/wp-json\/wp\/v2\/pages"}],"about":[{"href":"https:\/\/barcelonasustainablegastronomy.com\/ca\/wp-json\/wp\/v2\/types\/page"}],"author":[{"embeddable":true,"href":"https:\/\/barcelonasustainablegastronomy.com\/ca\/wp-json\/wp\/v2\/users\/1"}],"replies":[{"embeddable":true,"href":"https:\/\/barcelonasustainablegastronomy.com\/ca\/wp-json\/wp\/v2\/comments?post=11"}],"version-history":[{"count":5,"href":"https:\/\/barcelonasustainablegastronomy.com\/ca\/wp-json\/wp\/v2\/pages\/11\/revisions"}],"predecessor-version":[{"id":712,"href":"https:\/\/barcelonasustainablegastronomy.com\/ca\/wp-json\/wp\/v2\/pages\/11\/revisions\/712"}],"wp:attachment":[{"href":"https:\/\/barcelonasustainablegastronomy.com\/ca\/wp-json\/wp\/v2\/media?parent=11"}],"curies":[{"name":"wp","href":"https:\/\/api.w.org\/{rel}","templated":true}]}}