{"id":24,"date":"2023-11-07T13:08:23","date_gmt":"2023-11-07T12:08:23","guid":{"rendered":"https:\/\/barcelonasustainablegastronomy.com\/?page_id=24"},"modified":"2023-11-24T10:25:43","modified_gmt":"2023-11-24T09:25:43","slug":"el-segell","status":"publish","type":"page","link":"https:\/\/barcelonasustainablegastronomy.com\/ca\/el-segell\/","title":{"rendered":"El Segell"},"content":{"rendered":"\n<p>Visa, Turisme de Barcelona i Biosphere col\u00b7laboren per crear un segell distintiu que nom\u00e9s tindran aquells restaurants que aposten per la sostenibilitat i treballen per millorar les pr\u00e0ctiques d&#8217;acord amb els est\u00e0ndards definits pels <a href=\"https:\/\/www.un.org\/sustainabledevelopment\/es\/objetivos-de-desarrollo-sostenible\/\">17 Objectius de Desenvolupament Sostenible de les Nacions Unides<\/a>.<\/p>\n\n\n\n<figure class=\"wp-block-image size-full\"><img loading=\"lazy\" decoding=\"async\" width=\"8660\" height=\"5773\" src=\"https:\/\/barcelonasustainablegastronomy.com\/wp-content\/uploads\/2023\/11\/DecalingFinestra_rtcj_ok.jpg\" alt=\"\" class=\"wp-image-297\" srcset=\"https:\/\/barcelonasustainablegastronomy.com\/wp-content\/uploads\/2023\/11\/DecalingFinestra_rtcj_ok.jpg 8660w, https:\/\/barcelonasustainablegastronomy.com\/wp-content\/uploads\/2023\/11\/DecalingFinestra_rtcj_ok-640x427.jpg 640w, https:\/\/barcelonasustainablegastronomy.com\/wp-content\/uploads\/2023\/11\/DecalingFinestra_rtcj_ok-768x512.jpg 768w\" sizes=\"auto, (max-width: 8660px) 100vw, 8660px\" \/><\/figure>\n\n\n\n<p>Amb el suport i l&#8217;acompanyament de l&#8217;equip de treball de Biosphere, els restaurants podran complir les bones pr\u00e0ctiques en sostenibilitat que els permetran formar part d&#8217;un projecte amb dimensi\u00f3 internacional, identificat amb un segell distintiu, <strong>Barcelona Sustainable Gastronomy<\/strong> que permetr\u00e0 con\u00e8ixer i recon\u00e8ixer els restaurants de Barcelona que aposten per la sostenibilitat.<\/p>\n\n\n\n<p>Una guia i un segell que ajudaran els milions de turistes que cada any visiten Barcelona a identificar les millors pr\u00e0ctiques a favor de la sostenibilitat i el medi ambient a l&#8217;hora d&#8217;escollir quins establiments visitar durant la vostra estada.<\/p>\n\n\n\n<p>Perqu\u00e8 els restaurants de Barcelona i els seus professionals treballen per donar el millor i mereixen el millor, amb el suport dels millors per cuinar plegats pel futur.<\/p>\n","protected":false},"excerpt":{"rendered":"<p>Visa, Turisme de Barcelona i Biosphere col\u00b7laboren per crear un segell distintiu que nom\u00e9s tindran aquells restaurants que aposten per la sostenibilitat i treballen per millorar les pr\u00e0ctiques d&#8217;acord amb els est\u00e0ndards definits pels 17 Objectius de Desenvolupament Sostenible de les Nacions Unides. Amb el suport i l&#8217;acompanyament de l&#8217;equip de treball de Biosphere, els [&hellip;]<\/p>\n","protected":false},"author":1,"featured_media":0,"parent":0,"menu_order":0,"comment_status":"closed","ping_status":"closed","template":"","meta":{"_acf_changed":false,"footnotes":""},"class_list":["post-24","page","type-page","status-publish","hentry"],"acf":[],"yoast_head":"<!-- This site is optimized with the Yoast SEO plugin v27.4 - https:\/\/yoast.com\/product\/yoast-seo-wordpress\/ -->\n<title>El Segell - Barcelona Sustainable Gastronomy<\/title>\n<meta name=\"description\" content=\"Amb la Guia de Restaurants Sostenibles i el segell Barcelona Sustainable Gastronomy, fem una aposta decidida per tornar als restaurants tot all\u00f2 que han fet per a la imatge internacional de Barcelona i la seva gastronomia.\" \/>\n<meta name=\"robots\" content=\"index, follow, max-snippet:-1, max-image-preview:large, max-video-preview:-1\" \/>\n<link rel=\"canonical\" href=\"https:\/\/barcelonasustainablegastronomy.com\/el-segell\/\" \/>\n<meta property=\"og:locale\" content=\"ca_ES\" \/>\n<meta property=\"og:type\" content=\"article\" \/>\n<meta property=\"og:title\" content=\"El Segell - Barcelona Sustainable Gastronomy\" \/>\n<meta property=\"og:description\" content=\"Amb la Guia de Restaurants Sostenibles i el segell Barcelona Sustainable Gastronomy, fem una aposta decidida per tornar als restaurants tot all\u00f2 que han fet per a la imatge internacional de Barcelona i la seva gastronomia.\" \/>\n<meta property=\"og:url\" content=\"https:\/\/barcelonasustainablegastronomy.com\/el-segell\/\" \/>\n<meta property=\"og:site_name\" content=\"Barcelona Sustainable Gastronomy\" \/>\n<meta property=\"article:modified_time\" content=\"2023-11-24T09:25:43+00:00\" \/>\n<meta property=\"og:image\" content=\"https:\/\/barcelonasustainablegastronomy.com\/wp-content\/uploads\/2023\/11\/DecalingFinestra_rtcj_ok.jpg\" \/>\n\t<meta property=\"og:image:width\" content=\"1920\" \/>\n\t<meta property=\"og:image:height\" content=\"1280\" \/>\n\t<meta property=\"og:image:type\" content=\"image\/jpeg\" \/>\n<meta name=\"twitter:card\" content=\"summary_large_image\" \/>\n<meta name=\"twitter:title\" content=\"El Segell - Barcelona Sustainable Gastronomy\" \/>\n<meta name=\"twitter:description\" content=\"Amb la Guia de Restaurants Sostenibles i el segell Barcelona Sustainable Gastronomy, fem una aposta decidida per tornar als restaurants tot all\u00f2 que han fet per a la imatge internacional de Barcelona i la seva gastronomia.\" \/>\n<meta name=\"twitter:image\" content=\"https:\/\/barcelonasustainablegastronomy.com\/wp-content\/uploads\/2023\/11\/DecalingFinestra_rtcj_ok_1_x1.jpg\" \/>\n<script type=\"application\/ld+json\" class=\"yoast-schema-graph\">{\"@context\":\"https:\\\/\\\/schema.org\",\"@graph\":[{\"@type\":\"WebPage\",\"@id\":\"https:\\\/\\\/barcelonasustainablegastronomy.com\\\/el-segell\\\/\",\"url\":\"https:\\\/\\\/barcelonasustainablegastronomy.com\\\/el-segell\\\/\",\"name\":\"El Segell - Barcelona Sustainable Gastronomy\",\"isPartOf\":{\"@id\":\"https:\\\/\\\/barcelonasustainablegastronomy.com\\\/#website\"},\"primaryImageOfPage\":{\"@id\":\"https:\\\/\\\/barcelonasustainablegastronomy.com\\\/el-segell\\\/#primaryimage\"},\"image\":{\"@id\":\"https:\\\/\\\/barcelonasustainablegastronomy.com\\\/el-segell\\\/#primaryimage\"},\"thumbnailUrl\":\"https:\\\/\\\/barcelonasustainablegastronomy.com\\\/wp-content\\\/uploads\\\/2023\\\/11\\\/DecalingFinestra_rtcj_ok.jpg\",\"datePublished\":\"2023-11-07T12:08:23+00:00\",\"dateModified\":\"2023-11-24T09:25:43+00:00\",\"description\":\"Amb la Guia de Restaurants Sostenibles i el segell Barcelona Sustainable Gastronomy, fem una aposta decidida per tornar als restaurants tot all\u00f2 que han fet per a la imatge internacional de Barcelona i la seva gastronomia.\",\"breadcrumb\":{\"@id\":\"https:\\\/\\\/barcelonasustainablegastronomy.com\\\/el-segell\\\/#breadcrumb\"},\"inLanguage\":\"ca\",\"potentialAction\":[{\"@type\":\"ReadAction\",\"target\":[\"https:\\\/\\\/barcelonasustainablegastronomy.com\\\/el-segell\\\/\"]}]},{\"@type\":\"ImageObject\",\"inLanguage\":\"ca\",\"@id\":\"https:\\\/\\\/barcelonasustainablegastronomy.com\\\/el-segell\\\/#primaryimage\",\"url\":\"https:\\\/\\\/barcelonasustainablegastronomy.com\\\/wp-content\\\/uploads\\\/2023\\\/11\\\/DecalingFinestra_rtcj_ok.jpg\",\"contentUrl\":\"https:\\\/\\\/barcelonasustainablegastronomy.com\\\/wp-content\\\/uploads\\\/2023\\\/11\\\/DecalingFinestra_rtcj_ok.jpg\"},{\"@type\":\"BreadcrumbList\",\"@id\":\"https:\\\/\\\/barcelonasustainablegastronomy.com\\\/el-segell\\\/#breadcrumb\",\"itemListElement\":[{\"@type\":\"ListItem\",\"position\":1,\"name\":\"Inici\",\"item\":\"https:\\\/\\\/barcelonasustainablegastronomy.com\\\/\"},{\"@type\":\"ListItem\",\"position\":2,\"name\":\"El Segell\"}]},{\"@type\":\"WebSite\",\"@id\":\"https:\\\/\\\/barcelonasustainablegastronomy.com\\\/#website\",\"url\":\"https:\\\/\\\/barcelonasustainablegastronomy.com\\\/\",\"name\":\"Barcelona Sustainable Gastronomy Cooking for the Future\",\"description\":\"\",\"publisher\":{\"@id\":\"https:\\\/\\\/barcelonasustainablegastronomy.com\\\/#organization\"},\"potentialAction\":[{\"@type\":\"SearchAction\",\"target\":{\"@type\":\"EntryPoint\",\"urlTemplate\":\"https:\\\/\\\/barcelonasustainablegastronomy.com\\\/?s={search_term_string}\"},\"query-input\":{\"@type\":\"PropertyValueSpecification\",\"valueRequired\":true,\"valueName\":\"search_term_string\"}}],\"inLanguage\":\"ca\"},{\"@type\":\"Organization\",\"@id\":\"https:\\\/\\\/barcelonasustainablegastronomy.com\\\/#organization\",\"name\":\"Barcelona Sustainable Gastronomy Cooking for the Future\",\"url\":\"https:\\\/\\\/barcelonasustainablegastronomy.com\\\/\",\"logo\":{\"@type\":\"ImageObject\",\"inLanguage\":\"ca\",\"@id\":\"https:\\\/\\\/barcelonasustainablegastronomy.com\\\/#\\\/schema\\\/logo\\\/image\\\/\",\"url\":\"https:\\\/\\\/barcelonasustainablegastronomy.com\\\/wp-content\\\/uploads\\\/2023\\\/11\\\/bcnSustainableGastronomy_logo_mail.png\",\"contentUrl\":\"https:\\\/\\\/barcelonasustainablegastronomy.com\\\/wp-content\\\/uploads\\\/2023\\\/11\\\/bcnSustainableGastronomy_logo_mail.png\",\"width\":220,\"height\":62,\"caption\":\"Barcelona Sustainable Gastronomy Cooking for the Future\"},\"image\":{\"@id\":\"https:\\\/\\\/barcelonasustainablegastronomy.com\\\/#\\\/schema\\\/logo\\\/image\\\/\"}}]}<\/script>\n<!-- \/ Yoast SEO plugin. -->","yoast_head_json":{"title":"El Segell - Barcelona Sustainable Gastronomy","description":"Amb la Guia de Restaurants Sostenibles i el segell Barcelona Sustainable Gastronomy, fem una aposta decidida per tornar als restaurants tot all\u00f2 que han fet per a la imatge internacional de Barcelona i la seva gastronomia.","robots":{"index":"index","follow":"follow","max-snippet":"max-snippet:-1","max-image-preview":"max-image-preview:large","max-video-preview":"max-video-preview:-1"},"canonical":"https:\/\/barcelonasustainablegastronomy.com\/el-segell\/","og_locale":"ca_ES","og_type":"article","og_title":"El Segell - Barcelona Sustainable Gastronomy","og_description":"Amb la Guia de Restaurants Sostenibles i el segell Barcelona Sustainable Gastronomy, fem una aposta decidida per tornar als restaurants tot all\u00f2 que han fet per a la imatge internacional de Barcelona i la seva gastronomia.","og_url":"https:\/\/barcelonasustainablegastronomy.com\/el-segell\/","og_site_name":"Barcelona Sustainable Gastronomy","article_modified_time":"2023-11-24T09:25:43+00:00","og_image":[{"url":"https:\/\/barcelonasustainablegastronomy.com\/wp-content\/uploads\/2023\/11\/DecalingFinestra_rtcj_ok.jpg","width":1920,"height":1280,"type":"image\/jpeg"}],"twitter_card":"summary_large_image","twitter_title":"El Segell - Barcelona Sustainable Gastronomy","twitter_description":"Amb la Guia de Restaurants Sostenibles i el segell Barcelona Sustainable Gastronomy, fem una aposta decidida per tornar als restaurants tot all\u00f2 que han fet per a la imatge internacional de Barcelona i la seva gastronomia.","twitter_image":"https:\/\/barcelonasustainablegastronomy.com\/wp-content\/uploads\/2023\/11\/DecalingFinestra_rtcj_ok_1_x1.jpg","schema":{"@context":"https:\/\/schema.org","@graph":[{"@type":"WebPage","@id":"https:\/\/barcelonasustainablegastronomy.com\/el-segell\/","url":"https:\/\/barcelonasustainablegastronomy.com\/el-segell\/","name":"El Segell - Barcelona Sustainable Gastronomy","isPartOf":{"@id":"https:\/\/barcelonasustainablegastronomy.com\/#website"},"primaryImageOfPage":{"@id":"https:\/\/barcelonasustainablegastronomy.com\/el-segell\/#primaryimage"},"image":{"@id":"https:\/\/barcelonasustainablegastronomy.com\/el-segell\/#primaryimage"},"thumbnailUrl":"https:\/\/barcelonasustainablegastronomy.com\/wp-content\/uploads\/2023\/11\/DecalingFinestra_rtcj_ok.jpg","datePublished":"2023-11-07T12:08:23+00:00","dateModified":"2023-11-24T09:25:43+00:00","description":"Amb la Guia de Restaurants Sostenibles i el segell Barcelona Sustainable Gastronomy, fem una aposta decidida per tornar als restaurants tot all\u00f2 que han fet per a la imatge internacional de Barcelona i la seva gastronomia.","breadcrumb":{"@id":"https:\/\/barcelonasustainablegastronomy.com\/el-segell\/#breadcrumb"},"inLanguage":"ca","potentialAction":[{"@type":"ReadAction","target":["https:\/\/barcelonasustainablegastronomy.com\/el-segell\/"]}]},{"@type":"ImageObject","inLanguage":"ca","@id":"https:\/\/barcelonasustainablegastronomy.com\/el-segell\/#primaryimage","url":"https:\/\/barcelonasustainablegastronomy.com\/wp-content\/uploads\/2023\/11\/DecalingFinestra_rtcj_ok.jpg","contentUrl":"https:\/\/barcelonasustainablegastronomy.com\/wp-content\/uploads\/2023\/11\/DecalingFinestra_rtcj_ok.jpg"},{"@type":"BreadcrumbList","@id":"https:\/\/barcelonasustainablegastronomy.com\/el-segell\/#breadcrumb","itemListElement":[{"@type":"ListItem","position":1,"name":"Inici","item":"https:\/\/barcelonasustainablegastronomy.com\/"},{"@type":"ListItem","position":2,"name":"El Segell"}]},{"@type":"WebSite","@id":"https:\/\/barcelonasustainablegastronomy.com\/#website","url":"https:\/\/barcelonasustainablegastronomy.com\/","name":"Barcelona Sustainable Gastronomy Cooking for the Future","description":"","publisher":{"@id":"https:\/\/barcelonasustainablegastronomy.com\/#organization"},"potentialAction":[{"@type":"SearchAction","target":{"@type":"EntryPoint","urlTemplate":"https:\/\/barcelonasustainablegastronomy.com\/?s={search_term_string}"},"query-input":{"@type":"PropertyValueSpecification","valueRequired":true,"valueName":"search_term_string"}}],"inLanguage":"ca"},{"@type":"Organization","@id":"https:\/\/barcelonasustainablegastronomy.com\/#organization","name":"Barcelona Sustainable Gastronomy Cooking for the Future","url":"https:\/\/barcelonasustainablegastronomy.com\/","logo":{"@type":"ImageObject","inLanguage":"ca","@id":"https:\/\/barcelonasustainablegastronomy.com\/#\/schema\/logo\/image\/","url":"https:\/\/barcelonasustainablegastronomy.com\/wp-content\/uploads\/2023\/11\/bcnSustainableGastronomy_logo_mail.png","contentUrl":"https:\/\/barcelonasustainablegastronomy.com\/wp-content\/uploads\/2023\/11\/bcnSustainableGastronomy_logo_mail.png","width":220,"height":62,"caption":"Barcelona Sustainable Gastronomy Cooking for the Future"},"image":{"@id":"https:\/\/barcelonasustainablegastronomy.com\/#\/schema\/logo\/image\/"}}]}},"_links":{"self":[{"href":"https:\/\/barcelonasustainablegastronomy.com\/ca\/wp-json\/wp\/v2\/pages\/24","targetHints":{"allow":["GET"]}}],"collection":[{"href":"https:\/\/barcelonasustainablegastronomy.com\/ca\/wp-json\/wp\/v2\/pages"}],"about":[{"href":"https:\/\/barcelonasustainablegastronomy.com\/ca\/wp-json\/wp\/v2\/types\/page"}],"author":[{"embeddable":true,"href":"https:\/\/barcelonasustainablegastronomy.com\/ca\/wp-json\/wp\/v2\/users\/1"}],"replies":[{"embeddable":true,"href":"https:\/\/barcelonasustainablegastronomy.com\/ca\/wp-json\/wp\/v2\/comments?post=24"}],"version-history":[{"count":13,"href":"https:\/\/barcelonasustainablegastronomy.com\/ca\/wp-json\/wp\/v2\/pages\/24\/revisions"}],"predecessor-version":[{"id":389,"href":"https:\/\/barcelonasustainablegastronomy.com\/ca\/wp-json\/wp\/v2\/pages\/24\/revisions\/389"}],"wp:attachment":[{"href":"https:\/\/barcelonasustainablegastronomy.com\/ca\/wp-json\/wp\/v2\/media?parent=24"}],"curies":[{"name":"wp","href":"https:\/\/api.w.org\/{rel}","templated":true}]}}