{"id":26,"date":"2023-11-07T13:08:46","date_gmt":"2023-11-07T12:08:46","guid":{"rendered":"https:\/\/barcelonasustainablegastronomy.com\/?page_id=26"},"modified":"2023-11-25T09:18:24","modified_gmt":"2023-11-25T08:18:24","slug":"politica-de-cookies","status":"publish","type":"page","link":"https:\/\/barcelonasustainablegastronomy.com\/ca\/politica-de-cookies\/","title":{"rendered":"Pol\u00edtica de cookies"},"content":{"rendered":"\n<p>Posem a disposici\u00f3 dels usuaris la present pol\u00edtica de galetes, on podran trobar tots els detalls sobre l&#8217;\u00fas de galetes a la nostra p\u00e0gina web. Aconsellem als usuaris que visitin la present pol\u00edtica de galetes amb freq\u00fc\u00e8ncia, ja que pot ser actualitzada en qualsevol moment. <\/p>\n\n\n\n<h3 class=\"wp-block-heading\"><strong>Qu\u00e8 s\u00f3n les galetes? <\/strong><\/h3>\n\n\n\n<p>Les galetes s\u00f3n petits fitxers que s&#8217;instal\u00b7len a l&#8217;equip de l&#8217;usuari quan aquest accedeix a un lloc web. Les galetes permeten, entre altres coses, emmagatzemar i recuperar informaci\u00f3 sobre els h\u00e0bits de navegaci\u00f3 d&#8217;un usuari o del seu equip i, depenent de la informaci\u00f3 que continguin i de la forma en qu\u00e8 utilitzi l\u2019equip, depenent del tipus de galeta i de la informaci\u00f3 que demanen, es poden utilitzar per recon\u00e8ixer l&#8217;usuari. <\/p>\n\n\n\n<h3 class=\"wp-block-heading\"><strong>Tipus de galetes <\/strong><\/h3>\n\n\n\n<p><strong>a) Segons l&#8217;entitat que gestiona les galetes: <\/strong><\/p>\n\n\n\n<ul class=\"wp-block-list\">\n<li><strong>Galetes pr\u00f2pies:<\/strong>s\u00f3n aquelles que s&#8217;envien al dispositiu o terminal de l&#8217;usuari des del nostre equip o domini, a m\u00e9s s\u00f3n gestionades per nosaltres mateixos, com a titulars i editors de la present p\u00e0gina web. <\/li>\n\n\n\n<li><strong>Galetes de tercers: <\/strong>s\u00f3n aquelles que s\u00f3n enviades al dispositiu o terminal de l&#8217;usuari des d&#8217;un equip o domini que no \u00e9s gestionat per nosaltres mateixos, sin\u00f3 per un tercer que tractar\u00e0 la informaci\u00f3 obtinguda a trav\u00e9s de les galetes. <\/li>\n<\/ul>\n\n\n\n<p><strong>b) Segons el temps de conservaci\u00f3: <\/strong><\/p>\n\n\n\n<ul class=\"wp-block-list\">\n<li><strong>Galetes de sessi\u00f3:<\/strong> s\u00f3n aquelles que recapten i emmagatzemen les dades quan l&#8217;usuari accedeix a la p\u00e0gina web i cessen un cop que l&#8217;usuari en surt. <\/li>\n\n\n\n<li><strong>Galetes persistents:<\/strong> s\u00f3n aquelles que tenen una durada determinada en el temps pel responsable del tractament. El temps de conservaci\u00f3 pot variar d\u2019uns minuts a diversos anys. S&#8217;utilitzen per guardar i recuperar certs par\u00e0metres cada vegada que l&#8217;usuari visita la p\u00e0gina web. <\/li>\n<\/ul>\n\n\n\n<p><strong>c) Segons la finalitat: <\/strong><\/p>\n\n\n\n<ul class=\"wp-block-list\">\n<li><strong>Galetes t\u00e8cniques:<\/strong> s\u00f3n aquelles imprescindibles i estrictament necess\u00e0ries per al correcte funcionament de la p\u00e0gina web i per utilitzar les diferents opcions o serveis que oferim. Per exemple, les que serveixen per mantenir la sessi\u00f3; gestionar el temps de resposta, rendiment o validaci\u00f3 d&#8217;opcions; utilitzar elements de seguretat; compartir contingut amb xarxes socials, etc.<\/li>\n\n\n\n<li><strong>Galetes de personalitzaci\u00f3:<\/strong> s\u00f3n aquelles que permeten que l&#8217;usuari pugui especificar o personalitzar algunes caracter\u00edstiques de la p\u00e0gina web. Per exemple, definir l&#8217;idioma, configuraci\u00f3 regional o tipus de navegador. <\/li>\n\n\n\n<li><strong>Galetes d&#8217;an\u00e0lisi:<\/strong> s\u00f3n aquelles que ens permeten realitzar un seguiment i an\u00e0lisi del comportament de l&#8217;usuari a la nostra p\u00e0gina web per elaborar perfils de navegaci\u00f3 i poder con\u00e8ixer les prefer\u00e8ncies dels usuaris. Se solen utilitzar per mesurar l&#8217;activitat de l&#8217;usuari amb l&#8217;objectiu de millorar el servei que li oferim en funci\u00f3 dels resultats que obtenim. Per exemple, mitjan\u00e7ant una galeta anal\u00edtica es controlarien les \u00e0rees geogr\u00e0fiques de major inter\u00e8s d&#8217;un usuari, quin \u00e9s el producte o servei de m\u00e9s acceptaci\u00f3, etc. <\/li>\n\n\n\n<li><strong>Galetes publicit\u00e0ries:<\/strong> s\u00f3n aquelles que ens permeten gestionar els espais publicitaris en els llocs web. <\/li>\n\n\n\n<li><strong>Galetes de publicitat comportamental:<\/strong> s\u00f3n aquelles que permeten gestionar els espais publicitaris de la nostra p\u00e0gina web. La funci\u00f3 d&#8217;aquestes galetes \u00e9s emmagatzemar informaci\u00f3 del comportament dels usuaris en la nostra p\u00e0gina web, per posteriorment mostrar publicitat personalitzada. <\/li>\n<\/ul>\n\n\n\n<h3 class=\"wp-block-heading\">Quines galetes utilitzem? <\/h3>\n\n\n\n<p>En concret, utilitzem galetes dels seg\u00fcents tercers amb les finalitats especificades: <\/p>\n\n\n\n<p><strong>Funci\u00f3:<\/strong> Google Analytics <br><strong>Galeta:<\/strong> __utma __utmb __utmc __utmv __utmz etc. <br><strong>Domini:<\/strong> barcelonaturisme.com, visitbarcelona.com, images.barcelonaturisme.com, professional.barcelonaturisme.com, bcnshop.com, barcelona\u2010access.com, apps.barcelonaturisme.com, barcelonaconventionbureau.com, bcnsports.barcelonaturisme.com, barcelonacard.com, barcelonapremium.com, barcelonashoppingcity.com <br><strong>Finalitats: <\/strong>Anal\u00edtiques <br><strong>Tipus de galeta i durada:<\/strong> Galetes temporals i persistents <br><strong>Pol\u00edtica del tercer:<\/strong> <a data-type=\"link\" data-id=\"www.google.es\/intl\/es\/analytics\/privacyoverview.html\" href=\"http:\/\/www.google.es\/intl\/es\/analytics\/privacyoverview.html\">www.google.es\/intl\/es\/analytics\/privacyoverview.html<\/a> <\/p>\n\n\n\n<p><strong>Funci\u00f3:<\/strong> Galetes pr\u00f2pies <br><strong>Galeta: <\/strong>AWSSESSION _ID AWSUSER_I D qtrans_cooki e_test SESSIO <br><strong>Domini:<\/strong> barcelonaturisme.com, visitbarcelona.com, images.barcelonaturisme.com, professional.barcelonaturisme.com, bcnshop.com, barcelona\u2010access.com, apps.barcelonaturisme.com, barcelonaconventionbureau.com, bcnsports.barcelonaturisme.com, barcelonacard.com, barcelonapremium.com, barcelonashoppingcity.com <br><strong>Finalitats:<\/strong> Galetes pr\u00f2pies essencials <br><strong>Tipus de galeta i durada: <\/strong>Galetes temporals i persistents <\/p>\n\n\n\n<p><strong>Funci\u00f3:<\/strong> Tripadvisor <br><strong>Galeta:<\/strong> CM ServerPool TACds TASession TATravelInfo TAUnique etc. <br><strong>Domini: <\/strong>tripadvisor.com, tripadvisor.es Finalitats: Anal\u00edtiques, publicitat, rastreig social<br><strong>Tipus de galeta i durada: <\/strong>Galetes temporals i persistents <br><strong>Pol\u00edtica del tercer:<\/strong> <a data-type=\"link\" data-id=\"www.tripadvisor.es\/CookiePolicy\" href=\"http:\/\/www.tripadvisor.es\/CookiePolicy\">www.tripadvisor.es\/CookiePolicy<\/a><\/p>\n\n\n\n<p><strong>Funci\u00f3:<\/strong> Google Maps Galeta: SID SAPISID APISID SSID HSID NID, PREF, etc. <br><strong>Domini: <\/strong>doubleclick.net, google.com, googleusercontent.com, apis.google.com, accounts.google.com <br><strong>Finalitats:<\/strong> Anal\u00edtiques, publicitat, rastreig social <br><strong>Tipus de galeta i durada:<\/strong> Galetes temporals i persistents <br><strong>Pol\u00edtica del tercer:<\/strong> <a data-type=\"link\" data-id=\"www.google.es\/intl\/es\/policies\/privacy\/\" href=\"http:\/\/www.google.es\/intl\/es\/policies\/privacy\/\">www.google.es\/intl\/es\/policies\/privacy\/ <\/a><\/p>\n\n\n\n<h3 class=\"wp-block-heading\">Com desactivar o eliminar les galetes? <\/h3>\n\n\n\n<p>Els usuaris poden, en qualsevol moment, desactivar o eliminar les galetes enunciades a trav\u00e9s de la configuraci\u00f3 de les opcions del navegador utilitzat en el dispositiu o terminal. Els usuaris han de tenir en compte que, si rebutgen o esborren les galetes de navegaci\u00f3 per a la p\u00e0gina web, no podrem mantenir les seves prefer\u00e8ncies i algunes caracter\u00edstiques de la p\u00e0gina no estaran operatives, de manera que no podrem oferir-los serveis personalitzats i cada vegada que naveguin per la nostra p\u00e0gina web haurem de sol\u00b7licitar-los de nou l\u2019autoritzaci\u00f3 per a l&#8217;\u00fas de galetes. <\/p>\n\n\n\n<p>A continuaci\u00f3, oferim enlla\u00e7os en els quals els usuaris trobaran informaci\u00f3 sobre com activar les seves prefer\u00e8ncies en els principals navegadors: <\/p>\n\n\n\n<ul class=\"wp-block-list\">\n<li><a href=\"https:\/\/support.google.com\/chrome\/answer\/95647?hl=es\" data-type=\"link\" data-id=\"https:\/\/support.google.com\/chrome\/answer\/95647?hl=es\">Configuraci\u00f3 de galetes per a Google Chrome <\/a><\/li>\n\n\n\n<li><a href=\"https:\/\/support.mozilla.org\/es\/kb\/cookies-informacion-que-los-sitios-web-guardan-en-?redirectlocale=en-US&amp;redirectslug=Cookies\" data-type=\"link\" data-id=\"https:\/\/support.mozilla.org\/es\/kb\/cookies-informacion-que-los-sitios-web-guardan-en-?redirectlocale=en-US&amp;redirectslug=Cookies\">Configuraci\u00f3 de galetes per a Mozilla Firefox <\/a><\/li>\n\n\n\n<li><a href=\"https:\/\/support.microsoft.com\/es-es\/help\/196955\" data-type=\"link\" data-id=\"https:\/\/support.microsoft.com\/es-es\/help\/196955\">Configuraci\u00f3 de galetes per a Internet Explorer<\/a> <\/li>\n\n\n\n<li><a href=\"https:\/\/support.apple.com\/es-es\/HT201265\" data-type=\"link\" data-id=\"https:\/\/support.apple.com\/es-es\/HT201265\">Configuraci\u00f3 de galetes per a Safari <\/a><\/li>\n<\/ul>\n\n\n\n<h3 class=\"wp-block-heading\"><strong>M\u00e9s informaci\u00f3 <\/strong><\/h3>\n\n\n\n<p>Si teniu qualsevol pregunta sobre com fem servir les galetes, i no est\u00e0 contestada en aquesta pol\u00edtica de galetes, si us plau, envieu-nos els vostres comentaris a trav\u00e9s del correu electr\u00f2nic <a href=\"mailto:info@barcelonaturisme.com\" target=\"_blank\" rel=\"noreferrer noopener\">info@barcelonaturisme.com<\/a>. <\/p>\n\n\n\n<p>Si necessiteu obtenir m\u00e9s informaci\u00f3 sobre l&#8217;\u00fas de galetes per part de llocs web, podeu consultar la <a href=\"https:\/\/www.boe.es\/buscar\/act.php?id=BOE-A-2002-13758\" data-type=\"link\" data-id=\"https:\/\/www.boe.es\/buscar\/act.php?id=BOE-A-2002-13758\">Llei 34\/2002, d\u201911 de juliol, de serveis de la societat de la informaci\u00f3 i de comer\u00e7 electr\u00f2nic<\/a> i la <a href=\"https:\/\/www.aepd.es\/\" data-type=\"link\" data-id=\"https:\/\/www.aepd.es\/\"><em>Guia sobre l\u2019\u00fas de galetes<\/em> publicada per l\u2019Ag\u00e8ncia de Protecci\u00f3 de Dades<\/a>. <\/p>\n","protected":false},"excerpt":{"rendered":"<p>Posem a disposici\u00f3 dels usuaris la present pol\u00edtica de galetes, on podran trobar tots els detalls sobre l&#8217;\u00fas de galetes a la nostra p\u00e0gina web. Aconsellem als usuaris que visitin la present pol\u00edtica de galetes amb freq\u00fc\u00e8ncia, ja que pot ser actualitzada en qualsevol moment. Qu\u00e8 s\u00f3n les galetes? Les galetes s\u00f3n petits fitxers que [&hellip;]<\/p>\n","protected":false},"author":1,"featured_media":0,"parent":0,"menu_order":0,"comment_status":"closed","ping_status":"closed","template":"","meta":{"_acf_changed":false,"footnotes":""},"class_list":["post-26","page","type-page","status-publish","hentry"],"acf":[],"yoast_head":"<!-- This site is optimized with the Yoast SEO plugin v27.4 - https:\/\/yoast.com\/product\/yoast-seo-wordpress\/ -->\n<title>Pol\u00edtica de cookies - Barcelona Sustainable Gastronomy<\/title>\n<meta name=\"robots\" content=\"index, follow, max-snippet:-1, max-image-preview:large, max-video-preview:-1\" \/>\n<link rel=\"canonical\" href=\"https:\/\/barcelonasustainablegastronomy.com\/politica-de-cookies\/\" \/>\n<meta property=\"og:locale\" content=\"ca_ES\" \/>\n<meta property=\"og:type\" content=\"article\" \/>\n<meta property=\"og:title\" content=\"Pol\u00edtica de cookies - Barcelona Sustainable Gastronomy\" \/>\n<meta property=\"og:description\" content=\"Posem a disposici\u00f3 dels usuaris la present pol\u00edtica de galetes, on podran trobar tots els detalls sobre l&#8217;\u00fas de galetes a la nostra p\u00e0gina web. Aconsellem als usuaris que visitin la present pol\u00edtica de galetes amb freq\u00fc\u00e8ncia, ja que pot ser actualitzada en qualsevol moment. Qu\u00e8 s\u00f3n les galetes? Les galetes s\u00f3n petits fitxers que [&hellip;]\" \/>\n<meta property=\"og:url\" content=\"https:\/\/barcelonasustainablegastronomy.com\/politica-de-cookies\/\" \/>\n<meta property=\"og:site_name\" content=\"Barcelona Sustainable Gastronomy\" \/>\n<meta property=\"article:modified_time\" content=\"2023-11-25T08:18:24+00:00\" \/>\n<meta name=\"twitter:card\" content=\"summary_large_image\" \/>\n<script type=\"application\/ld+json\" class=\"yoast-schema-graph\">{\"@context\":\"https:\\\/\\\/schema.org\",\"@graph\":[{\"@type\":\"WebPage\",\"@id\":\"https:\\\/\\\/barcelonasustainablegastronomy.com\\\/politica-de-cookies\\\/\",\"url\":\"https:\\\/\\\/barcelonasustainablegastronomy.com\\\/politica-de-cookies\\\/\",\"name\":\"Pol\u00edtica de cookies - Barcelona Sustainable Gastronomy\",\"isPartOf\":{\"@id\":\"https:\\\/\\\/barcelonasustainablegastronomy.com\\\/#website\"},\"datePublished\":\"2023-11-07T12:08:46+00:00\",\"dateModified\":\"2023-11-25T08:18:24+00:00\",\"breadcrumb\":{\"@id\":\"https:\\\/\\\/barcelonasustainablegastronomy.com\\\/politica-de-cookies\\\/#breadcrumb\"},\"inLanguage\":\"ca\",\"potentialAction\":[{\"@type\":\"ReadAction\",\"target\":[\"https:\\\/\\\/barcelonasustainablegastronomy.com\\\/politica-de-cookies\\\/\"]}]},{\"@type\":\"BreadcrumbList\",\"@id\":\"https:\\\/\\\/barcelonasustainablegastronomy.com\\\/politica-de-cookies\\\/#breadcrumb\",\"itemListElement\":[{\"@type\":\"ListItem\",\"position\":1,\"name\":\"Inici\",\"item\":\"https:\\\/\\\/barcelonasustainablegastronomy.com\\\/\"},{\"@type\":\"ListItem\",\"position\":2,\"name\":\"Pol\u00edtica de cookies\"}]},{\"@type\":\"WebSite\",\"@id\":\"https:\\\/\\\/barcelonasustainablegastronomy.com\\\/#website\",\"url\":\"https:\\\/\\\/barcelonasustainablegastronomy.com\\\/\",\"name\":\"Barcelona Sustainable Gastronomy Cooking for the Future\",\"description\":\"\",\"publisher\":{\"@id\":\"https:\\\/\\\/barcelonasustainablegastronomy.com\\\/#organization\"},\"potentialAction\":[{\"@type\":\"SearchAction\",\"target\":{\"@type\":\"EntryPoint\",\"urlTemplate\":\"https:\\\/\\\/barcelonasustainablegastronomy.com\\\/?s={search_term_string}\"},\"query-input\":{\"@type\":\"PropertyValueSpecification\",\"valueRequired\":true,\"valueName\":\"search_term_string\"}}],\"inLanguage\":\"ca\"},{\"@type\":\"Organization\",\"@id\":\"https:\\\/\\\/barcelonasustainablegastronomy.com\\\/#organization\",\"name\":\"Barcelona Sustainable Gastronomy Cooking for the Future\",\"url\":\"https:\\\/\\\/barcelonasustainablegastronomy.com\\\/\",\"logo\":{\"@type\":\"ImageObject\",\"inLanguage\":\"ca\",\"@id\":\"https:\\\/\\\/barcelonasustainablegastronomy.com\\\/#\\\/schema\\\/logo\\\/image\\\/\",\"url\":\"https:\\\/\\\/barcelonasustainablegastronomy.com\\\/wp-content\\\/uploads\\\/2023\\\/11\\\/bcnSustainableGastronomy_logo_mail.png\",\"contentUrl\":\"https:\\\/\\\/barcelonasustainablegastronomy.com\\\/wp-content\\\/uploads\\\/2023\\\/11\\\/bcnSustainableGastronomy_logo_mail.png\",\"width\":220,\"height\":62,\"caption\":\"Barcelona Sustainable Gastronomy Cooking for the Future\"},\"image\":{\"@id\":\"https:\\\/\\\/barcelonasustainablegastronomy.com\\\/#\\\/schema\\\/logo\\\/image\\\/\"}}]}<\/script>\n<!-- \/ Yoast SEO plugin. -->","yoast_head_json":{"title":"Pol\u00edtica de cookies - Barcelona Sustainable Gastronomy","robots":{"index":"index","follow":"follow","max-snippet":"max-snippet:-1","max-image-preview":"max-image-preview:large","max-video-preview":"max-video-preview:-1"},"canonical":"https:\/\/barcelonasustainablegastronomy.com\/politica-de-cookies\/","og_locale":"ca_ES","og_type":"article","og_title":"Pol\u00edtica de cookies - Barcelona Sustainable Gastronomy","og_description":"Posem a disposici\u00f3 dels usuaris la present pol\u00edtica de galetes, on podran trobar tots els detalls sobre l&#8217;\u00fas de galetes a la nostra p\u00e0gina web. Aconsellem als usuaris que visitin la present pol\u00edtica de galetes amb freq\u00fc\u00e8ncia, ja que pot ser actualitzada en qualsevol moment. Qu\u00e8 s\u00f3n les galetes? Les galetes s\u00f3n petits fitxers que [&hellip;]","og_url":"https:\/\/barcelonasustainablegastronomy.com\/politica-de-cookies\/","og_site_name":"Barcelona Sustainable Gastronomy","article_modified_time":"2023-11-25T08:18:24+00:00","twitter_card":"summary_large_image","schema":{"@context":"https:\/\/schema.org","@graph":[{"@type":"WebPage","@id":"https:\/\/barcelonasustainablegastronomy.com\/politica-de-cookies\/","url":"https:\/\/barcelonasustainablegastronomy.com\/politica-de-cookies\/","name":"Pol\u00edtica de cookies - Barcelona Sustainable Gastronomy","isPartOf":{"@id":"https:\/\/barcelonasustainablegastronomy.com\/#website"},"datePublished":"2023-11-07T12:08:46+00:00","dateModified":"2023-11-25T08:18:24+00:00","breadcrumb":{"@id":"https:\/\/barcelonasustainablegastronomy.com\/politica-de-cookies\/#breadcrumb"},"inLanguage":"ca","potentialAction":[{"@type":"ReadAction","target":["https:\/\/barcelonasustainablegastronomy.com\/politica-de-cookies\/"]}]},{"@type":"BreadcrumbList","@id":"https:\/\/barcelonasustainablegastronomy.com\/politica-de-cookies\/#breadcrumb","itemListElement":[{"@type":"ListItem","position":1,"name":"Inici","item":"https:\/\/barcelonasustainablegastronomy.com\/"},{"@type":"ListItem","position":2,"name":"Pol\u00edtica de cookies"}]},{"@type":"WebSite","@id":"https:\/\/barcelonasustainablegastronomy.com\/#website","url":"https:\/\/barcelonasustainablegastronomy.com\/","name":"Barcelona Sustainable Gastronomy Cooking for the Future","description":"","publisher":{"@id":"https:\/\/barcelonasustainablegastronomy.com\/#organization"},"potentialAction":[{"@type":"SearchAction","target":{"@type":"EntryPoint","urlTemplate":"https:\/\/barcelonasustainablegastronomy.com\/?s={search_term_string}"},"query-input":{"@type":"PropertyValueSpecification","valueRequired":true,"valueName":"search_term_string"}}],"inLanguage":"ca"},{"@type":"Organization","@id":"https:\/\/barcelonasustainablegastronomy.com\/#organization","name":"Barcelona Sustainable Gastronomy Cooking for the Future","url":"https:\/\/barcelonasustainablegastronomy.com\/","logo":{"@type":"ImageObject","inLanguage":"ca","@id":"https:\/\/barcelonasustainablegastronomy.com\/#\/schema\/logo\/image\/","url":"https:\/\/barcelonasustainablegastronomy.com\/wp-content\/uploads\/2023\/11\/bcnSustainableGastronomy_logo_mail.png","contentUrl":"https:\/\/barcelonasustainablegastronomy.com\/wp-content\/uploads\/2023\/11\/bcnSustainableGastronomy_logo_mail.png","width":220,"height":62,"caption":"Barcelona Sustainable Gastronomy Cooking for the Future"},"image":{"@id":"https:\/\/barcelonasustainablegastronomy.com\/#\/schema\/logo\/image\/"}}]}},"_links":{"self":[{"href":"https:\/\/barcelonasustainablegastronomy.com\/ca\/wp-json\/wp\/v2\/pages\/26","targetHints":{"allow":["GET"]}}],"collection":[{"href":"https:\/\/barcelonasustainablegastronomy.com\/ca\/wp-json\/wp\/v2\/pages"}],"about":[{"href":"https:\/\/barcelonasustainablegastronomy.com\/ca\/wp-json\/wp\/v2\/types\/page"}],"author":[{"embeddable":true,"href":"https:\/\/barcelonasustainablegastronomy.com\/ca\/wp-json\/wp\/v2\/users\/1"}],"replies":[{"embeddable":true,"href":"https:\/\/barcelonasustainablegastronomy.com\/ca\/wp-json\/wp\/v2\/comments?post=26"}],"version-history":[{"count":8,"href":"https:\/\/barcelonasustainablegastronomy.com\/ca\/wp-json\/wp\/v2\/pages\/26\/revisions"}],"predecessor-version":[{"id":714,"href":"https:\/\/barcelonasustainablegastronomy.com\/ca\/wp-json\/wp\/v2\/pages\/26\/revisions\/714"}],"wp:attachment":[{"href":"https:\/\/barcelonasustainablegastronomy.com\/ca\/wp-json\/wp\/v2\/media?parent=26"}],"curies":[{"name":"wp","href":"https:\/\/api.w.org\/{rel}","templated":true}]}}