{"id":266,"date":"2023-11-10T10:11:21","date_gmt":"2023-11-10T09:11:21","guid":{"rendered":"https:\/\/barcelonasustainablegastronomy.com\/?page_id=266"},"modified":"2023-11-25T08:57:54","modified_gmt":"2023-11-25T07:57:54","slug":"politica-de-privacitat","status":"publish","type":"page","link":"https:\/\/barcelonasustainablegastronomy.com\/ca\/politica-de-privacitat\/","title":{"rendered":"Pol\u00edtica de Privacitat"},"content":{"rendered":"\n<p>CONSORCI DE TURISME DE BARCELONA \u00e9s el responsable del tractament de les dades personals de l&#8217;usuari i l&#8217;informa que aquestes dades seran tractades de conformitat amb el que disposa el Reglament (UE) 2016\/679 de 27 d&#8217;abril de 2016 (GDPR) relatiu a la protecci\u00f3 de les persones f\u00edsiques pel que fa al tractament de dades personals i a la lliure circulaci\u00f3 d&#8217;aquestes dades i en la Llei Org\u00e0nica 3\/2018, de 5 de desembre, de protecci\u00f3 de dades personals i garantia dels drets digitals (LOPDgdd), per la qual cosa se li facilita la seg\u00fcent informaci\u00f3 del tractament: <\/p>\n\n\n\n<h3 class=\"wp-block-heading\">A. IDENTIFICACI\u00d3 DEL RESPONSABLE DEL TRACTAMENT <\/h3>\n\n\n\n<ul class=\"wp-block-list\">\n<li><strong>Titular: <\/strong>CONSORCI DE TURISME DE BARCELONA (en endavant Turisme de Barcelona). <\/li>\n\n\n\n<li><strong>Domicili social:<\/strong> passatge de la Concepci\u00f3, 7-9. 08008 Barcelona <\/li>\n\n\n\n<li><strong>CIF:<\/strong> P-5890003-F <\/li>\n\n\n\n<li><strong>Tel\u00e8fon: <\/strong>+34 93 368 97 00<\/li>\n\n\n\n<li><strong>Adre\u00e7a electr\u00f2nica:<\/strong> <a href=\"mailto:info@barcelonaturisme.com\" target=\"_blank\" rel=\"noreferrer noopener\">info@barcelonaturisme.com<\/a> <\/li>\n<\/ul>\n\n\n\n<h3 class=\"wp-block-heading\">B. IDENTIFICACI\u00d3 DEL DELEGAT DE PROTECCI\u00d3 DE DADES (DPD) <\/h3>\n\n\n\n<p>El RESPONSABLE, a fi de garantir la seguretat de les vostres dades, ha designat un delegat de protecci\u00f3 de dades (DPD): <\/p>\n\n\n\n<ul class=\"wp-block-list\">\n<li><strong>HERRERO &amp; ASOCIADOS, S.L.<\/strong><\/li>\n\n\n\n<li>Adre\u00e7a electr\u00f2nica: <a href=\"mailto:barcelonaturismedpo@herrero.es\">barcelonaturismedpo@herrero.es<\/a><\/li>\n<\/ul>\n\n\n\n<h3 class=\"wp-block-heading\">C. FINALITAT DEL TRACTAMENT DE LES DADES<\/h3>\n\n\n\n<p>CONSORCI DE TURISME DE BARCELONA tractar\u00e0 les vostres dades de manera manual i\/o automatitzada, per a les seg\u00fcents finalitats espec\u00edfiques: <\/p>\n\n\n\n<p><strong>1. Respondre a les q\u00fcestions que l&#8217;interessat faci arribar al responsable. <\/strong><br>1.1. Termini de conservaci\u00f3: les dades seran tractades fins a resoldre la q\u00fcesti\u00f3 plantejada per l&#8217;interessat. Despr\u00e9s d&#8217;aix\u00f2, seran conservades durant cinc (5) anys per a la possible formulaci\u00f3, exercici o la defensa de reclamacions. <br>1.2. Base jur\u00eddica: consentiment de l&#8217;interessat. <\/p>\n\n\n\n<p><strong>2. Tramitar enc\u00e0rrecs de peticions de productes o serveis realitzats per l&#8217;usuari. <\/strong><br>2.1. Termini de conservaci\u00f3: les dades seran tractades mentre duri la relaci\u00f3 contractual. Despr\u00e9s d&#8217;aix\u00f2, seran conservades durant el termini legal vigent en mat\u00e8ria fiscal i contractual. <br>2.2. Base jur\u00eddica: relaci\u00f3 comercial. <\/p>\n\n\n\n<p><strong>3. Trametre comunicacions electr\u00f2niques sobre not\u00edcies i actualitzacions de productes i\/o serveis del responsable. <\/strong><br>3.1. Termini de conservaci\u00f3: les dades seran tractades mentre no us oposeu al tractament o retireu el consentiment. <br>3.2. Base jur\u00eddica: consentiment de l&#8217;interessat. Us informem que podeu retirar el consentiment donat en qualsevol moment, sense que aix\u00f2 afecti la licitud del tractament realitzat amb anterioritat pel responsable. <\/p>\n\n\n\n<p><strong>4. Tractament de dades en relaci\u00f3 amb la remissi\u00f3 de CV <\/strong><\/p>\n\n\n\n<p>En el cas que ens remeteu el CV per via electr\u00f2nica tractarem les vostres dades per tal de valorar i gestionar la vostra sol\u00b7licitud d&#8217;ocupaci\u00f3 i, si s\u2019escau, dur a terme les actuacions necess\u00e0ries per a la selecci\u00f3 i contractaci\u00f3 de personal, per tal d\u2019oferir-vos llocs que s&#8217;ajustin al vostre perfil. Llevat que s&#8217;indiqui el contrari, l&#8217;aportaci\u00f3 de les dades requerides \u00e9s necess\u00e0ria, per la qual cosa no aportar-les impedir\u00e0 la continu\u00eftat del proc\u00e9s de selecci\u00f3. <\/p>\n\n\n\n<p>4.1 Termini m\u00e0xim de conservaci\u00f3: un any des de la recepci\u00f3.<br>4.2 Base jur\u00eddica: consentiment de l&#8217;interessat. <\/p>\n\n\n\n<p><strong>5. Tractament d&#8217;imatges de videovigil\u00e0ncia a les instal\u00b7lacions de Turisme de Barcelona <\/strong><br>5.1 Termini m\u00e0xim de conservaci\u00f3: 30 dies. <br>5.2 Base jur\u00eddica: inter\u00e8s leg\u00edtim. <\/p>\n\n\n\n<h3 class=\"wp-block-heading\"><strong>D. DESTINATARIS DE LES DADES<\/strong><\/h3>\n\n\n\n<p>CONSORCI DE TURISME DE BARCELONA us informa que en el cas que adquiriu un producte a la botiga en l\u00ednia de TURISME DE BARCELONA, les vostres dades podran 3 ser cedides a l&#8217;operador o empresa que presti el servei sempre que sigui necessari per a la correcta prestaci\u00f3 del servei. <\/p>\n\n\n\n<p>Aix\u00ed mateix, en ocasions, en el marc de la normativa vigent o de la relaci\u00f3 contractual existent, les vostres dades poden ser comunicades a tercers:<\/p>\n\n\n\n<ul class=\"wp-block-list\">\n<li>Administracions p\u00fabliques amb compet\u00e8ncia en els nostres sectors d&#8217;activitat per tramitar el servei contractat o quan aix\u00ed ho estableixi la normativa vigent.<\/li>\n\n\n\n<li>Les forces i cossos de seguretat de l&#8217;Estat en virtut del que estableix la llei.<\/li>\n\n\n\n<li>Els bancs i entitats financeres per cobrar els serveis oferts.<\/li>\n\n\n\n<li>Altres professionals de l&#8217;\u00e0mbit jur\u00eddic, m\u00e0rqueting, publicitari, quan la comunicaci\u00f3 sigui necess\u00e0ria normativament, o per executar els serveis contractats. <\/li>\n<\/ul>\n\n\n\n<h3 class=\"wp-block-heading\"><strong>E. ELS VOSTRES DRETS <\/strong><\/h3>\n\n\n\n<p>Us informem que podeu exercir els seg\u00fcents drets en qualsevol moment i de manera gratu\u00efta en relaci\u00f3 a les vostres dades: <\/p>\n\n\n\n<p>a. Dret d&#8217;acc\u00e9s <br>b. Dret de rectificaci\u00f3 o supressi\u00f3 <br>c. Dret a la limitaci\u00f3 del tractament <br>d. Dret a la portabilitat <br>e. Dret d&#8217;oposici\u00f3 <br>f. Dret a revocar-ne el consentiment <\/p>\n\n\n\n<p>L&#8217;exercici d&#8217;aquests drets es pot realitzar enviant un correu electr\u00f2nic a <a href=\"mailto:barcelonaturismedpo@herrero.es\" target=\"_blank\" rel=\"noreferrer noopener\">barcelonaturismedpo@herrero.es<\/a> indicant clarament quin dret voleu exercir. Tamb\u00e9 podeu dirigir-vos a trav\u00e9s de correu postal al domicili social del responsable que figura en el punt 1 de la present pol\u00edtica de privacitat. Podreu retirar el vostre consentiment prestat per rebre comunicacions comercials peri\u00f2diques prement l\u2019enlla\u00e7 que trobareu a cadascuna de les comunicacions comercials rebudes amb la llegenda &#8220;Donar-me de baixa&#8221;. Per obtenir m\u00e9s informaci\u00f3 sobre els vostres drets podeu contactar amb el delegat de protecci\u00f3 de dades. <\/p>\n\n\n\n<p>Addicionalment, us informem sobre la possibilitat de presentar una reclamaci\u00f3 davant l&#8217;autoritat de control competent, en aquest cas, l&#8217;Ag\u00e8ncia Espanyola de Protecci\u00f3 de Dades, especialment en el cas que no hagueu obtingut satisfacci\u00f3 en l&#8217;exercici dels vostres drets. Podeu posar-vos en contacte amb l&#8217;Ag\u00e8ncia Espanyola de Protecci\u00f3 de Dades a trav\u00e9s dels tel\u00e8fons 901 100 099 i 912 663 517 o visitant-los a l\u2019adre\u00e7a c\/ Jorge Juan, 6. 28001 Madrid. 4 <\/p>\n\n\n\n<h3 class=\"wp-block-heading\"><strong>F. MESURES DE SEGURETAT<\/strong> <\/h3>\n\n\n\n<p>De conformitat amb el que disposa la normativa vigent en mat\u00e8ria de protecci\u00f3 de dades personals, el RESPONSABLE est\u00e0 complint amb totes les disposicions de les normatives GDPR per tractar les dades personals de la seva responsabilitat, i manifestament amb els principis descrits en l&#8217;article 5 del GDPR, pels quals s\u00f3n tractades de manera l\u00edcita, lleial i transparent en relaci\u00f3 amb l&#8217;interessat i adequades, pertinents i limitades al que \u00e9s necessari en relaci\u00f3 amb els fins per als quals s\u00f3n tractades. El RESPONSABLE garanteix que ha implementat pol\u00edtiques t\u00e8cniques i organitzatives apropiades per aplicar les mesures de seguretat que estableixen el GDPR per tal de protegir els drets i llibertats dels usuaris i els ha comunicat la informaci\u00f3 adequada perqu\u00e8 puguin exercir-los.<\/p>\n","protected":false},"excerpt":{"rendered":"<p>CONSORCI DE TURISME DE BARCELONA \u00e9s el responsable del tractament de les dades personals de l&#8217;usuari i l&#8217;informa que aquestes dades seran tractades de conformitat amb el que disposa el Reglament (UE) 2016\/679 de 27 d&#8217;abril de 2016 (GDPR) relatiu a la protecci\u00f3 de les persones f\u00edsiques pel que fa al tractament de dades personals [&hellip;]<\/p>\n","protected":false},"author":1,"featured_media":0,"parent":0,"menu_order":0,"comment_status":"closed","ping_status":"closed","template":"","meta":{"_acf_changed":false,"footnotes":""},"class_list":["post-266","page","type-page","status-publish","hentry"],"acf":[],"yoast_head":"<!-- This site is optimized with the Yoast SEO plugin v27.4 - https:\/\/yoast.com\/product\/yoast-seo-wordpress\/ -->\n<title>Pol\u00edtica de Privacitat - Barcelona Sustainable Gastronomy<\/title>\n<meta name=\"robots\" content=\"index, follow, max-snippet:-1, max-image-preview:large, max-video-preview:-1\" \/>\n<link rel=\"canonical\" href=\"https:\/\/barcelonasustainablegastronomy.com\/politica-de-privacitat\/\" \/>\n<meta property=\"og:locale\" content=\"ca_ES\" \/>\n<meta property=\"og:type\" content=\"article\" \/>\n<meta property=\"og:title\" content=\"Pol\u00edtica de Privacitat - Barcelona Sustainable Gastronomy\" \/>\n<meta property=\"og:description\" content=\"CONSORCI DE TURISME DE BARCELONA \u00e9s el responsable del tractament de les dades personals de l&#8217;usuari i l&#8217;informa que aquestes dades seran tractades de conformitat amb el que disposa el Reglament (UE) 2016\/679 de 27 d&#8217;abril de 2016 (GDPR) relatiu a la protecci\u00f3 de les persones f\u00edsiques pel que fa al tractament de dades personals [&hellip;]\" \/>\n<meta property=\"og:url\" content=\"https:\/\/barcelonasustainablegastronomy.com\/politica-de-privacitat\/\" \/>\n<meta property=\"og:site_name\" content=\"Barcelona Sustainable Gastronomy\" \/>\n<meta property=\"article:modified_time\" content=\"2023-11-25T07:57:54+00:00\" \/>\n<meta name=\"twitter:card\" content=\"summary_large_image\" \/>\n<script type=\"application\/ld+json\" class=\"yoast-schema-graph\">{\"@context\":\"https:\\\/\\\/schema.org\",\"@graph\":[{\"@type\":\"WebPage\",\"@id\":\"https:\\\/\\\/barcelonasustainablegastronomy.com\\\/politica-de-privacitat\\\/\",\"url\":\"https:\\\/\\\/barcelonasustainablegastronomy.com\\\/politica-de-privacitat\\\/\",\"name\":\"Pol\u00edtica de Privacitat - Barcelona Sustainable Gastronomy\",\"isPartOf\":{\"@id\":\"https:\\\/\\\/barcelonasustainablegastronomy.com\\\/#website\"},\"datePublished\":\"2023-11-10T09:11:21+00:00\",\"dateModified\":\"2023-11-25T07:57:54+00:00\",\"breadcrumb\":{\"@id\":\"https:\\\/\\\/barcelonasustainablegastronomy.com\\\/politica-de-privacitat\\\/#breadcrumb\"},\"inLanguage\":\"ca\",\"potentialAction\":[{\"@type\":\"ReadAction\",\"target\":[\"https:\\\/\\\/barcelonasustainablegastronomy.com\\\/politica-de-privacitat\\\/\"]}]},{\"@type\":\"BreadcrumbList\",\"@id\":\"https:\\\/\\\/barcelonasustainablegastronomy.com\\\/politica-de-privacitat\\\/#breadcrumb\",\"itemListElement\":[{\"@type\":\"ListItem\",\"position\":1,\"name\":\"Inici\",\"item\":\"https:\\\/\\\/barcelonasustainablegastronomy.com\\\/\"},{\"@type\":\"ListItem\",\"position\":2,\"name\":\"Pol\u00edtica de Privacitat\"}]},{\"@type\":\"WebSite\",\"@id\":\"https:\\\/\\\/barcelonasustainablegastronomy.com\\\/#website\",\"url\":\"https:\\\/\\\/barcelonasustainablegastronomy.com\\\/\",\"name\":\"Barcelona Sustainable Gastronomy Cooking for the Future\",\"description\":\"\",\"publisher\":{\"@id\":\"https:\\\/\\\/barcelonasustainablegastronomy.com\\\/#organization\"},\"potentialAction\":[{\"@type\":\"SearchAction\",\"target\":{\"@type\":\"EntryPoint\",\"urlTemplate\":\"https:\\\/\\\/barcelonasustainablegastronomy.com\\\/?s={search_term_string}\"},\"query-input\":{\"@type\":\"PropertyValueSpecification\",\"valueRequired\":true,\"valueName\":\"search_term_string\"}}],\"inLanguage\":\"ca\"},{\"@type\":\"Organization\",\"@id\":\"https:\\\/\\\/barcelonasustainablegastronomy.com\\\/#organization\",\"name\":\"Barcelona Sustainable Gastronomy Cooking for the Future\",\"url\":\"https:\\\/\\\/barcelonasustainablegastronomy.com\\\/\",\"logo\":{\"@type\":\"ImageObject\",\"inLanguage\":\"ca\",\"@id\":\"https:\\\/\\\/barcelonasustainablegastronomy.com\\\/#\\\/schema\\\/logo\\\/image\\\/\",\"url\":\"https:\\\/\\\/barcelonasustainablegastronomy.com\\\/wp-content\\\/uploads\\\/2023\\\/11\\\/bcnSustainableGastronomy_logo_mail.png\",\"contentUrl\":\"https:\\\/\\\/barcelonasustainablegastronomy.com\\\/wp-content\\\/uploads\\\/2023\\\/11\\\/bcnSustainableGastronomy_logo_mail.png\",\"width\":220,\"height\":62,\"caption\":\"Barcelona Sustainable Gastronomy Cooking for the Future\"},\"image\":{\"@id\":\"https:\\\/\\\/barcelonasustainablegastronomy.com\\\/#\\\/schema\\\/logo\\\/image\\\/\"}}]}<\/script>\n<!-- \/ Yoast SEO plugin. -->","yoast_head_json":{"title":"Pol\u00edtica de Privacitat - Barcelona Sustainable Gastronomy","robots":{"index":"index","follow":"follow","max-snippet":"max-snippet:-1","max-image-preview":"max-image-preview:large","max-video-preview":"max-video-preview:-1"},"canonical":"https:\/\/barcelonasustainablegastronomy.com\/politica-de-privacitat\/","og_locale":"ca_ES","og_type":"article","og_title":"Pol\u00edtica de Privacitat - Barcelona Sustainable Gastronomy","og_description":"CONSORCI DE TURISME DE BARCELONA \u00e9s el responsable del tractament de les dades personals de l&#8217;usuari i l&#8217;informa que aquestes dades seran tractades de conformitat amb el que disposa el Reglament (UE) 2016\/679 de 27 d&#8217;abril de 2016 (GDPR) relatiu a la protecci\u00f3 de les persones f\u00edsiques pel que fa al tractament de dades personals [&hellip;]","og_url":"https:\/\/barcelonasustainablegastronomy.com\/politica-de-privacitat\/","og_site_name":"Barcelona Sustainable Gastronomy","article_modified_time":"2023-11-25T07:57:54+00:00","twitter_card":"summary_large_image","schema":{"@context":"https:\/\/schema.org","@graph":[{"@type":"WebPage","@id":"https:\/\/barcelonasustainablegastronomy.com\/politica-de-privacitat\/","url":"https:\/\/barcelonasustainablegastronomy.com\/politica-de-privacitat\/","name":"Pol\u00edtica de Privacitat - Barcelona Sustainable Gastronomy","isPartOf":{"@id":"https:\/\/barcelonasustainablegastronomy.com\/#website"},"datePublished":"2023-11-10T09:11:21+00:00","dateModified":"2023-11-25T07:57:54+00:00","breadcrumb":{"@id":"https:\/\/barcelonasustainablegastronomy.com\/politica-de-privacitat\/#breadcrumb"},"inLanguage":"ca","potentialAction":[{"@type":"ReadAction","target":["https:\/\/barcelonasustainablegastronomy.com\/politica-de-privacitat\/"]}]},{"@type":"BreadcrumbList","@id":"https:\/\/barcelonasustainablegastronomy.com\/politica-de-privacitat\/#breadcrumb","itemListElement":[{"@type":"ListItem","position":1,"name":"Inici","item":"https:\/\/barcelonasustainablegastronomy.com\/"},{"@type":"ListItem","position":2,"name":"Pol\u00edtica de Privacitat"}]},{"@type":"WebSite","@id":"https:\/\/barcelonasustainablegastronomy.com\/#website","url":"https:\/\/barcelonasustainablegastronomy.com\/","name":"Barcelona Sustainable Gastronomy Cooking for the Future","description":"","publisher":{"@id":"https:\/\/barcelonasustainablegastronomy.com\/#organization"},"potentialAction":[{"@type":"SearchAction","target":{"@type":"EntryPoint","urlTemplate":"https:\/\/barcelonasustainablegastronomy.com\/?s={search_term_string}"},"query-input":{"@type":"PropertyValueSpecification","valueRequired":true,"valueName":"search_term_string"}}],"inLanguage":"ca"},{"@type":"Organization","@id":"https:\/\/barcelonasustainablegastronomy.com\/#organization","name":"Barcelona Sustainable Gastronomy Cooking for the Future","url":"https:\/\/barcelonasustainablegastronomy.com\/","logo":{"@type":"ImageObject","inLanguage":"ca","@id":"https:\/\/barcelonasustainablegastronomy.com\/#\/schema\/logo\/image\/","url":"https:\/\/barcelonasustainablegastronomy.com\/wp-content\/uploads\/2023\/11\/bcnSustainableGastronomy_logo_mail.png","contentUrl":"https:\/\/barcelonasustainablegastronomy.com\/wp-content\/uploads\/2023\/11\/bcnSustainableGastronomy_logo_mail.png","width":220,"height":62,"caption":"Barcelona Sustainable Gastronomy Cooking for the Future"},"image":{"@id":"https:\/\/barcelonasustainablegastronomy.com\/#\/schema\/logo\/image\/"}}]}},"_links":{"self":[{"href":"https:\/\/barcelonasustainablegastronomy.com\/ca\/wp-json\/wp\/v2\/pages\/266","targetHints":{"allow":["GET"]}}],"collection":[{"href":"https:\/\/barcelonasustainablegastronomy.com\/ca\/wp-json\/wp\/v2\/pages"}],"about":[{"href":"https:\/\/barcelonasustainablegastronomy.com\/ca\/wp-json\/wp\/v2\/types\/page"}],"author":[{"embeddable":true,"href":"https:\/\/barcelonasustainablegastronomy.com\/ca\/wp-json\/wp\/v2\/users\/1"}],"replies":[{"embeddable":true,"href":"https:\/\/barcelonasustainablegastronomy.com\/ca\/wp-json\/wp\/v2\/comments?post=266"}],"version-history":[{"count":5,"href":"https:\/\/barcelonasustainablegastronomy.com\/ca\/wp-json\/wp\/v2\/pages\/266\/revisions"}],"predecessor-version":[{"id":697,"href":"https:\/\/barcelonasustainablegastronomy.com\/ca\/wp-json\/wp\/v2\/pages\/266\/revisions\/697"}],"wp:attachment":[{"href":"https:\/\/barcelonasustainablegastronomy.com\/ca\/wp-json\/wp\/v2\/media?parent=266"}],"curies":[{"name":"wp","href":"https:\/\/api.w.org\/{rel}","templated":true}]}}