{"id":28,"date":"2023-11-07T13:09:00","date_gmt":"2023-11-07T12:09:00","guid":{"rendered":"https:\/\/barcelonasustainablegastronomy.com\/?page_id=28"},"modified":"2023-11-20T13:30:58","modified_gmt":"2023-11-20T12:30:58","slug":"qui-som","status":"publish","type":"page","link":"https:\/\/barcelonasustainablegastronomy.com\/ca\/qui-som\/","title":{"rendered":"Qui som"},"content":{"rendered":"\n<div class=\"wp-block-columns marca is-layout-flex wp-container-core-columns-is-layout-9d6595d7 wp-block-columns-is-layout-flex\">\n<div class=\"wp-block-column is-layout-flow wp-block-column-is-layout-flow\" style=\"flex-basis:33.33%\">\n<figure class=\"wp-block-image size-full\"><img loading=\"lazy\" decoding=\"async\" width=\"512\" height=\"160\" src=\"https:\/\/barcelonasustainablegastronomy.com\/wp-content\/uploads\/2023\/11\/turisme.png\" alt=\"\" class=\"wp-image-54\" srcset=\"https:\/\/barcelonasustainablegastronomy.com\/wp-content\/uploads\/2023\/11\/turisme.png 512w, https:\/\/barcelonasustainablegastronomy.com\/wp-content\/uploads\/2023\/11\/turisme-300x94.png 300w\" sizes=\"auto, (max-width: 512px) 100vw, 512px\" \/><\/figure>\n<\/div>\n\n\n\n<div class=\"wp-block-column is-layout-flow wp-block-column-is-layout-flow\" style=\"flex-basis:66.66%\">\n<h3 class=\"wp-block-heading\">Turisme de Barcelona<\/h3>\n\n\n<div class=\"veuremes\">\n    <div class=\"veuremes__text\">\n        <p>El Consorci de Turisme de Barcelona treballa per projectar, dinamitzar i posicionar Barcelona com a destinaci\u00f3 tur\u00edstica internacional a trav\u00e9s del coneixement de la seva cultura i idiosincr\u00e0sia a partir d\u201funa oferta de valor afegit id\u201facord amb uns criteris de segmentaci\u00f3 de p\u00fablics i interessos.<\/p>\n    <\/div>\n    <button class=\"btn btn--xsmall btn-veuremes\" aria-expanded=\"false\" aria-controls=\"veuremes-69dc5d49011d7\" data-target=\"veuremes-69dc5d49011d7\">\n        <i class=\"btn__icon--left icon-plus--16\"><\/i>\n        <span class=\"btn__label\">Veure m\u00e9s<\/span>\n    <\/button>\n    <div id=\"veuremes-69dc5d49011d7\" class=\"veuremes__text collapse\">\n        <div>\n        <p>A la seva missi\u00f3, el consorci actua com a agent facilitador per destacar l&#8217;activitat al voltant de l&#8217;economia del visitant mitjan\u00e7ant la projecci\u00f3 d&#8217;un dest\u00ed aspiracional i transformador que ofereix uns valors que permeten poder viure i conviure en un entorn ple de vida, sostenible, responsable, i comprom\u00e8s amb els criteris dels objectius de desenvolupament sostenible, refor\u00e7ant-ne la marca i propiciant la dinamitzaci\u00f3 i el retorn, material i immaterial, generat pels visitants.<\/p>\n<p>Tot aix\u00f2 amb l&#8217;objectiu de repercutir l&#8217;economia del visitant al conjunt de la ciutadania i de l&#8217;economia de la ciutat i del radi d&#8217;influ\u00e8ncia.<\/p>\n<ul>\n<li>Treballa per construir reputaci\u00f3 internacional de la destinaci\u00f3 segons la marca Barcelona.<\/li>\n<li>Orienta el p\u00fablic internacional per aprofitar al m\u00e0xim la destinaci\u00f3.<\/li>\n<li>Capta esdeveniments de refer\u00e8ncia per generar activitat econ\u00f2mica, dinamitzar sectors productius i crear benestar.<\/li>\n<li>Ajuda, com a agent facilitador, a fer cr\u00e9ixer els negocis segons les noves tend\u00e8ncies.<\/li>\n<\/ul>\n<p>La visi\u00f3 de Turisme de Barcelona \u00e9s ser i actuar com a referent, nacional i internacional, en mat\u00e8ria de promoci\u00f3 i m\u00e0rqueting al servei de l&#8217;economia i del sector tur\u00edstic des dels valors de la sostenibilitat i de l&#8217;entesa p\u00fablica privada.<\/p>\n<p>Els valors corporatius s\u00f3n els seg\u00fcents:<\/p>\n<ul>\n<li>Comprom\u00eds social, econ\u00f2mic i mediambiental<\/li>\n<li>Qualitat garantint la sostenibilitat de la destinaci\u00f3<\/li>\n<li>Innovaci\u00f3<\/li>\n<li>Visi\u00f3 hol\u00edstica amb una perspectiva global per assolir els objectius tra\u00e7ats i d&#8217;acord amb una determinada visi\u00f3 de la cultura i del territori a tot el seu abast<\/li>\n<li>Emprenedoria<\/li>\n<li>Coneixement.<\/li>\n<\/ul>\n        <\/div>\n    <\/div>\n<\/div>\n<\/div>\n<\/div>\n\n\n\n<div class=\"wp-block-columns marca is-layout-flex wp-container-core-columns-is-layout-9d6595d7 wp-block-columns-is-layout-flex\">\n<div class=\"wp-block-column is-layout-flow wp-block-column-is-layout-flow\" style=\"flex-basis:33.33%\">\n<figure class=\"wp-block-image size-full\"><img loading=\"lazy\" decoding=\"async\" width=\"512\" height=\"160\" src=\"https:\/\/barcelonasustainablegastronomy.com\/wp-content\/uploads\/2023\/11\/visa_2.png\" alt=\"\" class=\"wp-image-270\"\/><\/figure>\n<\/div>\n\n\n\n<div class=\"wp-block-column is-layout-flow wp-block-column-is-layout-flow\" style=\"flex-basis:66.66%\">\n<h3 class=\"wp-block-heading\">Visa<\/h3>\n\n\n<div class=\"veuremes\">\n    <div class=\"veuremes__text\">\n        <p>Visa, \u00e9s una xarxa de pagaments digitals que connecta persones de m\u00e9s de 200 pa\u00efsos al m\u00f3n amb l&#8217;economia global, permetent que cada dia siguin m\u00e9s els que tenen acc\u00e9s a eines que els ajuden a enderrocar barreres financeres i treballar en models de gesti\u00f3 m\u00e9s sostenibles que els permeten prosperar cap a una societat on se senten m\u00e9s acceptats i inclosos, on hi participin.<\/p>\n    <\/div>\n    <button class=\"btn btn--xsmall btn-veuremes\" aria-expanded=\"false\" aria-controls=\"veuremes-69dc5d49024b3\" data-target=\"veuremes-69dc5d49024b3\">\n        <i class=\"btn__icon--left icon-plus--16\"><\/i>\n        <span class=\"btn__label\">Veure m\u00e9s<\/span>\n    <\/button>\n    <div id=\"veuremes-69dc5d49024b3\" class=\"veuremes__text collapse\">\n        <div>\n        <p>La innovaci\u00f3 \u00e9s el nostre ADN per ajudar a construir un m\u00f3n millor, quan innovem portem noves oportunitats, busquem un canvi positiu no nom\u00e9s pensant en les persones, tamb\u00e9 pensant a protegir el nostre planeta i impulsar f\u00f3rmules en qu\u00e8 els pagaments siguin cada cop m\u00e9s sostenibles.<\/p>\n<p>Visa lidera amb l&#8217;exemple, hem assolit la neutralitat a les emissions de carboni a les nostres operacions, fem \u00fas d&#8217;electricitat 100% renovable a les nostres oficines globals i als centres de processament de dades, ens aliem amb socis que utilitzen materials reutilitzats en l&#8217;emissi\u00f3 de targetes, o que s\u00f3n capa\u00e7os de calcular la petjada de carboni a cada pagament. I ara, anunciem una nova alian\u00e7a amb Barcelona Turisme i la iniciativa <b>Barcelona Sustainable Gastronomy<\/b>, i busquem impulsar una xarxa de restaurants perqu\u00e8 compleixin alguns dels atributs de sostenibilitat marcats als <a href=\"https:\/\/www.un.org\/sustainabledevelopment\/es\/objetivos-de-desarrollo-sostenible\/\">17 ODS de Nacions Unides<\/a> com \u00e9s, per exemple, un millor \u00fas dels recursos per mitj\u00e0 de la digitalitzaci\u00f3 dels processos, millora que ajuden a fer m\u00e9s eficient l&#8217;\u00fas d&#8217;energia i les relacions laborals, sens dubte alguns dels pilars claus perqu\u00e8 es doni el canvi al repte de l&#8217;agenda 2030.<\/p>\n<p>Una iniciativa que representa una resposta a una necessitat identificada en un viatger que cada vegada viu m\u00e9s preocupat per l&#8217;impacte que causa a la destinaci\u00f3, un 87%* dels viatgers que visiten Espanya declaren estar disposats a escollir solucions eco i sostenibles a la destinaci\u00f3.<\/p>\n<p>Amb la iniciativa <b>Barcelona Sustainable Gastronomy<\/b>, ens sumem al repte de la sostenibilitat recolzant la ciutat de Barcelona, \u200b\u200buna de les destinacions tur\u00edstiques m\u00e9s rellevants a Espanya, a convertir-se tamb\u00e9 en una destinaci\u00f3 l\u00edder en restauraci\u00f3 sostenible.<\/p>\n        <\/div>\n    <\/div>\n<\/div>\n<\/div>\n<\/div>\n\n\n\n<div class=\"wp-block-columns marca is-layout-flex wp-container-core-columns-is-layout-9d6595d7 wp-block-columns-is-layout-flex\">\n<div class=\"wp-block-column is-layout-flow wp-block-column-is-layout-flow\" style=\"flex-basis:33.33%\">\n<figure class=\"wp-block-image size-full\"><img loading=\"lazy\" decoding=\"async\" width=\"512\" height=\"160\" src=\"https:\/\/barcelonasustainablegastronomy.com\/wp-content\/uploads\/2023\/11\/biosphere.png\" alt=\"\" class=\"wp-image-57\" srcset=\"https:\/\/barcelonasustainablegastronomy.com\/wp-content\/uploads\/2023\/11\/biosphere.png 512w, https:\/\/barcelonasustainablegastronomy.com\/wp-content\/uploads\/2023\/11\/biosphere-300x94.png 300w\" sizes=\"auto, (max-width: 512px) 100vw, 512px\" \/><\/figure>\n<\/div>\n\n\n\n<div class=\"wp-block-column is-layout-flow wp-block-column-is-layout-flow\" style=\"flex-basis:66.66%\">\n<h3 class=\"wp-block-heading\">Biosphere<\/h3>\n\n\n<div class=\"veuremes\">\n    <div class=\"veuremes__text\">\n        <p>Biosphere \u00e9s el sistema internacional de gesti\u00f3, reconeixement i certificaci\u00f3 en sostenibilitat de l&#8217;Institut de Turisme Responsable (ITR), basat en l&#8217;Agenda 2030, <a href=\"https:\/\/www.un.org\/sustainabledevelopment\/es\/objetivos-de-desarrollo-sostenible\/\" target=\"_blank\" rel=\"noopener\">els 17 ODS<\/a> i els 169 objectius de les Nacions Unides.<\/p>\n    <\/div>\n    <button class=\"btn btn--xsmall btn-veuremes\" aria-expanded=\"false\" aria-controls=\"veuremes-69dc5d4903363\" data-target=\"veuremes-69dc5d4903363\">\n        <i class=\"btn__icon--left icon-plus--16\"><\/i>\n        <span class=\"btn__label\">Veure m\u00e9s<\/span>\n    <\/button>\n    <div id=\"veuremes-69dc5d4903363\" class=\"veuremes__text collapse\">\n        <div>\n        <p>Amb indicadors desenvolupats conjuntament amb UN-SDSN, \u00e9s l&#8217;\u00fanica metodologia del m\u00f3n creada com a resultat dels 4 cims de l&#8217;Any Internacional del Turisme Sostenible patrocinats per la UNESCO i l&#8217;OMT, i que permet connectar DMOs, teixit empresarial, ciutadania i turistes a temps real, per a la posada en valor de les pr\u00e0ctiques sostenibles implementades.<\/p>\n<p>El sistema de millora continua il\u00b7lusionant i positiu per a qualsevol entitat, on compartir els \u00e8xits i aven\u00e7os de tots els actors involucrats a la destinaci\u00f3 amb la garantia d&#8217;un know-how basat en els principis i objectius internacionals de sostenibilitat.<\/p>\n<p>Biosphere constitueix aix\u00ed el proc\u00e9s internacional per a l&#8217;alineaci\u00f3, de manera viable i escalable. Amb eines 100% en l\u00ednia, gestiones i reconeixes la teva sostenibilitat al teu propi ritme i en base a les teves necessitats i recursos particulars:<\/p>\n<ul>\n<li>Involucra els teus empleats sense l\u00edmit d&#8217;usuaris<\/li>\n<li>Fomenta la millora cont\u00ednua a ESG de forma real i atractiva<\/li>\n<li>Aplica models d&#8217;efici\u00e8ncia i millora la productivitat\n<li>Redueix costos i maximitza la superviv\u00e8ncia del teu negoci<\/li>\n<li>Posiciona&#8217;t amb un reconeixement de garantia internacional<\/li>\n<li>Arriba a clients m\u00e9s responsables i conscients de manera directa<\/li>\n<\/ul>\n<p>La certificaci\u00f3 BIOSPHERE\u00a9 l&#8217;atorga l&#8217;Institut de Turisme Responsable (ITR), organisme independent creat el 1995 amb l&#8217;objectiu d&#8217;impulsar accions i programes de desenvolupament sostenible a destinacions i empreses. Amb m\u00e9s de 25 anys d&#8217;experi\u00e8ncia, l&#8217;ITR va n\u00e9ixer recolzat per la UNESCO mitjan\u00e7ant un Memor\u00e0ndum d&#8217;Enteniment que ha fet possible el desenvolupament d&#8217;activitats, projectes i esdeveniments de cooperaci\u00f3 entre tots dos organismes.<\/p>\n<p>Pioner al sector i reconegut com la millor eina de gesti\u00f3 i certificaci\u00f3 en sostenibilitat del m\u00f3n, Biosphere ha estat el primer sistema a: incorporar q\u00fcestions socials i culturals (1998), recon\u00e8ixer i posar en valor els esfor\u00e7os sostenibles d&#8217;una destinaci\u00f3 a nivell mundial (2009) i desenvolupar un proc\u00e9s de certificaci\u00f3 en l\u00ednia (2015).<\/p>\n        <\/div>\n    <\/div>\n<\/div>\n<\/div>\n<\/div>\n","protected":false},"excerpt":{"rendered":"<p>Turisme de Barcelona Visa Biosphere<\/p>\n","protected":false},"author":1,"featured_media":171,"parent":0,"menu_order":0,"comment_status":"closed","ping_status":"closed","template":"","meta":{"_acf_changed":false,"footnotes":""},"class_list":["post-28","page","type-page","status-publish","has-post-thumbnail","hentry"],"acf":[],"yoast_head":"<!-- This site is optimized with the Yoast SEO plugin v27.3 - https:\/\/yoast.com\/product\/yoast-seo-wordpress\/ -->\n<title>Qui som - Barcelona Sustainable Gastronomy<\/title>\n<meta name=\"description\" content=\"Visa, Turisme de Barcelona i Biosphere, tres referents internacionals que aposten de manera clara per la sostenibilitat i el turisme responsable.\" \/>\n<meta name=\"robots\" content=\"index, follow, max-snippet:-1, max-image-preview:large, max-video-preview:-1\" \/>\n<link rel=\"canonical\" href=\"https:\/\/barcelonasustainablegastronomy.com\/qui-som\/\" \/>\n<meta property=\"og:locale\" content=\"ca_ES\" \/>\n<meta property=\"og:type\" content=\"article\" \/>\n<meta property=\"og:title\" content=\"Qui som - Barcelona Sustainable Gastronomy\" \/>\n<meta property=\"og:description\" content=\"Visa, Turisme de Barcelona i Biosphere, tres referents internacionals que aposten de manera clara per la sostenibilitat i el turisme responsable.\" \/>\n<meta property=\"og:url\" content=\"https:\/\/barcelonasustainablegastronomy.com\/qui-som\/\" \/>\n<meta property=\"og:site_name\" content=\"Barcelona Sustainable Gastronomy\" \/>\n<meta property=\"article:modified_time\" content=\"2023-11-20T12:30:58+00:00\" \/>\n<meta property=\"og:image\" content=\"https:\/\/barcelonasustainablegastronomy.com\/wp-content\/uploads\/2023\/11\/DecalingFinestra_rtcj_ok.jpg\" \/>\n\t<meta property=\"og:image:width\" content=\"1920\" \/>\n\t<meta property=\"og:image:height\" content=\"1280\" \/>\n\t<meta property=\"og:image:type\" content=\"image\/jpeg\" \/>\n<meta name=\"twitter:card\" content=\"summary_large_image\" \/>\n<meta name=\"twitter:title\" content=\"Qui som - Barcelona Sustainable Gastronomy\" \/>\n<meta name=\"twitter:description\" content=\"Visa, Turisme de Barcelona i Biosphere, tres referents internacionals que aposten de manera clara per la sostenibilitat i el turisme responsable.\" \/>\n<meta name=\"twitter:image\" content=\"https:\/\/barcelonasustainablegastronomy.com\/wp-content\/uploads\/2023\/11\/DecalingFinestra_rtcj_ok_1_x1.jpg\" \/>\n<script type=\"application\/ld+json\" class=\"yoast-schema-graph\">{\"@context\":\"https:\\\/\\\/schema.org\",\"@graph\":[{\"@type\":\"WebPage\",\"@id\":\"https:\\\/\\\/barcelonasustainablegastronomy.com\\\/qui-som\\\/\",\"url\":\"https:\\\/\\\/barcelonasustainablegastronomy.com\\\/qui-som\\\/\",\"name\":\"Qui som - Barcelona Sustainable Gastronomy\",\"isPartOf\":{\"@id\":\"https:\\\/\\\/barcelonasustainablegastronomy.com\\\/#website\"},\"primaryImageOfPage\":{\"@id\":\"https:\\\/\\\/barcelonasustainablegastronomy.com\\\/qui-som\\\/#primaryimage\"},\"image\":{\"@id\":\"https:\\\/\\\/barcelonasustainablegastronomy.com\\\/qui-som\\\/#primaryimage\"},\"thumbnailUrl\":\"https:\\\/\\\/barcelonasustainablegastronomy.com\\\/wp-content\\\/uploads\\\/2023\\\/11\\\/GettyImages-846625412_ret.jpg\",\"datePublished\":\"2023-11-07T12:09:00+00:00\",\"dateModified\":\"2023-11-20T12:30:58+00:00\",\"description\":\"Visa, Turisme de Barcelona i Biosphere, tres referents internacionals que aposten de manera clara per la sostenibilitat i el turisme responsable.\",\"breadcrumb\":{\"@id\":\"https:\\\/\\\/barcelonasustainablegastronomy.com\\\/qui-som\\\/#breadcrumb\"},\"inLanguage\":\"ca\",\"potentialAction\":[{\"@type\":\"ReadAction\",\"target\":[\"https:\\\/\\\/barcelonasustainablegastronomy.com\\\/qui-som\\\/\"]}]},{\"@type\":\"ImageObject\",\"inLanguage\":\"ca\",\"@id\":\"https:\\\/\\\/barcelonasustainablegastronomy.com\\\/qui-som\\\/#primaryimage\",\"url\":\"https:\\\/\\\/barcelonasustainablegastronomy.com\\\/wp-content\\\/uploads\\\/2023\\\/11\\\/GettyImages-846625412_ret.jpg\",\"contentUrl\":\"https:\\\/\\\/barcelonasustainablegastronomy.com\\\/wp-content\\\/uploads\\\/2023\\\/11\\\/GettyImages-846625412_ret.jpg\",\"width\":1920,\"height\":1280},{\"@type\":\"BreadcrumbList\",\"@id\":\"https:\\\/\\\/barcelonasustainablegastronomy.com\\\/qui-som\\\/#breadcrumb\",\"itemListElement\":[{\"@type\":\"ListItem\",\"position\":1,\"name\":\"Inici\",\"item\":\"https:\\\/\\\/barcelonasustainablegastronomy.com\\\/\"},{\"@type\":\"ListItem\",\"position\":2,\"name\":\"Qui som\"}]},{\"@type\":\"WebSite\",\"@id\":\"https:\\\/\\\/barcelonasustainablegastronomy.com\\\/#website\",\"url\":\"https:\\\/\\\/barcelonasustainablegastronomy.com\\\/\",\"name\":\"Barcelona Sustainable Gastronomy Cooking for the Future\",\"description\":\"\",\"publisher\":{\"@id\":\"https:\\\/\\\/barcelonasustainablegastronomy.com\\\/#organization\"},\"potentialAction\":[{\"@type\":\"SearchAction\",\"target\":{\"@type\":\"EntryPoint\",\"urlTemplate\":\"https:\\\/\\\/barcelonasustainablegastronomy.com\\\/?s={search_term_string}\"},\"query-input\":{\"@type\":\"PropertyValueSpecification\",\"valueRequired\":true,\"valueName\":\"search_term_string\"}}],\"inLanguage\":\"ca\"},{\"@type\":\"Organization\",\"@id\":\"https:\\\/\\\/barcelonasustainablegastronomy.com\\\/#organization\",\"name\":\"Barcelona Sustainable Gastronomy Cooking for the Future\",\"url\":\"https:\\\/\\\/barcelonasustainablegastronomy.com\\\/\",\"logo\":{\"@type\":\"ImageObject\",\"inLanguage\":\"ca\",\"@id\":\"https:\\\/\\\/barcelonasustainablegastronomy.com\\\/#\\\/schema\\\/logo\\\/image\\\/\",\"url\":\"https:\\\/\\\/barcelonasustainablegastronomy.com\\\/wp-content\\\/uploads\\\/2023\\\/11\\\/bcnSustainableGastronomy_logo_mail.png\",\"contentUrl\":\"https:\\\/\\\/barcelonasustainablegastronomy.com\\\/wp-content\\\/uploads\\\/2023\\\/11\\\/bcnSustainableGastronomy_logo_mail.png\",\"width\":220,\"height\":62,\"caption\":\"Barcelona Sustainable Gastronomy Cooking for the Future\"},\"image\":{\"@id\":\"https:\\\/\\\/barcelonasustainablegastronomy.com\\\/#\\\/schema\\\/logo\\\/image\\\/\"}}]}<\/script>\n<!-- \/ Yoast SEO plugin. -->","yoast_head_json":{"title":"Qui som - Barcelona Sustainable Gastronomy","description":"Visa, Turisme de Barcelona i Biosphere, tres referents internacionals que aposten de manera clara per la sostenibilitat i el turisme responsable.","robots":{"index":"index","follow":"follow","max-snippet":"max-snippet:-1","max-image-preview":"max-image-preview:large","max-video-preview":"max-video-preview:-1"},"canonical":"https:\/\/barcelonasustainablegastronomy.com\/qui-som\/","og_locale":"ca_ES","og_type":"article","og_title":"Qui som - Barcelona Sustainable Gastronomy","og_description":"Visa, Turisme de Barcelona i Biosphere, tres referents internacionals que aposten de manera clara per la sostenibilitat i el turisme responsable.","og_url":"https:\/\/barcelonasustainablegastronomy.com\/qui-som\/","og_site_name":"Barcelona Sustainable Gastronomy","article_modified_time":"2023-11-20T12:30:58+00:00","og_image":[{"url":"https:\/\/barcelonasustainablegastronomy.com\/wp-content\/uploads\/2023\/11\/DecalingFinestra_rtcj_ok.jpg","width":1920,"height":1280,"type":"image\/jpeg"}],"twitter_card":"summary_large_image","twitter_title":"Qui som - Barcelona Sustainable Gastronomy","twitter_description":"Visa, Turisme de Barcelona i Biosphere, tres referents internacionals que aposten de manera clara per la sostenibilitat i el turisme responsable.","twitter_image":"https:\/\/barcelonasustainablegastronomy.com\/wp-content\/uploads\/2023\/11\/DecalingFinestra_rtcj_ok_1_x1.jpg","schema":{"@context":"https:\/\/schema.org","@graph":[{"@type":"WebPage","@id":"https:\/\/barcelonasustainablegastronomy.com\/qui-som\/","url":"https:\/\/barcelonasustainablegastronomy.com\/qui-som\/","name":"Qui som - Barcelona Sustainable Gastronomy","isPartOf":{"@id":"https:\/\/barcelonasustainablegastronomy.com\/#website"},"primaryImageOfPage":{"@id":"https:\/\/barcelonasustainablegastronomy.com\/qui-som\/#primaryimage"},"image":{"@id":"https:\/\/barcelonasustainablegastronomy.com\/qui-som\/#primaryimage"},"thumbnailUrl":"https:\/\/barcelonasustainablegastronomy.com\/wp-content\/uploads\/2023\/11\/GettyImages-846625412_ret.jpg","datePublished":"2023-11-07T12:09:00+00:00","dateModified":"2023-11-20T12:30:58+00:00","description":"Visa, Turisme de Barcelona i Biosphere, tres referents internacionals que aposten de manera clara per la sostenibilitat i el turisme responsable.","breadcrumb":{"@id":"https:\/\/barcelonasustainablegastronomy.com\/qui-som\/#breadcrumb"},"inLanguage":"ca","potentialAction":[{"@type":"ReadAction","target":["https:\/\/barcelonasustainablegastronomy.com\/qui-som\/"]}]},{"@type":"ImageObject","inLanguage":"ca","@id":"https:\/\/barcelonasustainablegastronomy.com\/qui-som\/#primaryimage","url":"https:\/\/barcelonasustainablegastronomy.com\/wp-content\/uploads\/2023\/11\/GettyImages-846625412_ret.jpg","contentUrl":"https:\/\/barcelonasustainablegastronomy.com\/wp-content\/uploads\/2023\/11\/GettyImages-846625412_ret.jpg","width":1920,"height":1280},{"@type":"BreadcrumbList","@id":"https:\/\/barcelonasustainablegastronomy.com\/qui-som\/#breadcrumb","itemListElement":[{"@type":"ListItem","position":1,"name":"Inici","item":"https:\/\/barcelonasustainablegastronomy.com\/"},{"@type":"ListItem","position":2,"name":"Qui som"}]},{"@type":"WebSite","@id":"https:\/\/barcelonasustainablegastronomy.com\/#website","url":"https:\/\/barcelonasustainablegastronomy.com\/","name":"Barcelona Sustainable Gastronomy Cooking for the Future","description":"","publisher":{"@id":"https:\/\/barcelonasustainablegastronomy.com\/#organization"},"potentialAction":[{"@type":"SearchAction","target":{"@type":"EntryPoint","urlTemplate":"https:\/\/barcelonasustainablegastronomy.com\/?s={search_term_string}"},"query-input":{"@type":"PropertyValueSpecification","valueRequired":true,"valueName":"search_term_string"}}],"inLanguage":"ca"},{"@type":"Organization","@id":"https:\/\/barcelonasustainablegastronomy.com\/#organization","name":"Barcelona Sustainable Gastronomy Cooking for the Future","url":"https:\/\/barcelonasustainablegastronomy.com\/","logo":{"@type":"ImageObject","inLanguage":"ca","@id":"https:\/\/barcelonasustainablegastronomy.com\/#\/schema\/logo\/image\/","url":"https:\/\/barcelonasustainablegastronomy.com\/wp-content\/uploads\/2023\/11\/bcnSustainableGastronomy_logo_mail.png","contentUrl":"https:\/\/barcelonasustainablegastronomy.com\/wp-content\/uploads\/2023\/11\/bcnSustainableGastronomy_logo_mail.png","width":220,"height":62,"caption":"Barcelona Sustainable Gastronomy Cooking for the Future"},"image":{"@id":"https:\/\/barcelonasustainablegastronomy.com\/#\/schema\/logo\/image\/"}}]}},"_links":{"self":[{"href":"https:\/\/barcelonasustainablegastronomy.com\/ca\/wp-json\/wp\/v2\/pages\/28","targetHints":{"allow":["GET"]}}],"collection":[{"href":"https:\/\/barcelonasustainablegastronomy.com\/ca\/wp-json\/wp\/v2\/pages"}],"about":[{"href":"https:\/\/barcelonasustainablegastronomy.com\/ca\/wp-json\/wp\/v2\/types\/page"}],"author":[{"embeddable":true,"href":"https:\/\/barcelonasustainablegastronomy.com\/ca\/wp-json\/wp\/v2\/users\/1"}],"replies":[{"embeddable":true,"href":"https:\/\/barcelonasustainablegastronomy.com\/ca\/wp-json\/wp\/v2\/comments?post=28"}],"version-history":[{"count":17,"href":"https:\/\/barcelonasustainablegastronomy.com\/ca\/wp-json\/wp\/v2\/pages\/28\/revisions"}],"predecessor-version":[{"id":440,"href":"https:\/\/barcelonasustainablegastronomy.com\/ca\/wp-json\/wp\/v2\/pages\/28\/revisions\/440"}],"wp:featuredmedia":[{"embeddable":true,"href":"https:\/\/barcelonasustainablegastronomy.com\/ca\/wp-json\/wp\/v2\/media\/171"}],"wp:attachment":[{"href":"https:\/\/barcelonasustainablegastronomy.com\/ca\/wp-json\/wp\/v2\/media?parent=28"}],"curies":[{"name":"wp","href":"https:\/\/api.w.org\/{rel}","templated":true}]}}