{"id":30,"date":"2023-11-07T13:09:10","date_gmt":"2023-11-07T12:09:10","guid":{"rendered":"https:\/\/barcelonasustainablegastronomy.com\/?page_id=30"},"modified":"2024-02-16T08:06:11","modified_gmt":"2024-02-16T07:06:11","slug":"sala-de-premsa","status":"publish","type":"page","link":"https:\/\/barcelonasustainablegastronomy.com\/ca\/sala-de-premsa\/","title":{"rendered":"Sala de premsa"},"content":{"rendered":"\n<figure class=\"wp-block-embed is-type-video is-provider-youtube wp-block-embed-youtube wp-embed-aspect-16-9 wp-has-aspect-ratio\"><div class=\"wp-block-embed__wrapper\">\n<iframe loading=\"lazy\" title=\"Cooking for the Future\" width=\"500\" height=\"281\" src=\"https:\/\/www.youtube.com\/embed\/ubOBU3p8mhA?feature=oembed\" frameborder=\"0\" allow=\"accelerometer; autoplay; clipboard-write; encrypted-media; gyroscope; picture-in-picture; web-share\" referrerpolicy=\"strict-origin-when-cross-origin\" allowfullscreen><\/iframe>\n<\/div><\/figure>\n\n\n\n<p>Posem a disposici\u00f3 dels professionals dels mitjans de comunicaci\u00f3 tota la informaci\u00f3 i els materials relatius al projecte perqu\u00e8 puguin comunicar-ho.<\/p>\n\n\n\n<p>Tamb\u00e9 podeu emplenar el formulari de contacte per sol\u00b7licitar informaci\u00f3 addicional.<\/p>\n\n\n\n<div class=\"wp-block-file\"><a id=\"wp-block-file--media-4806e77f-bf06-4b96-a961-4e7c1382f033\" href=\"https:\/\/barcelonasustainablegastronomy.com\/wp-content\/uploads\/2023\/12\/Presentacio-Barcelona-Sustainable-Gastronomy.pdf\" target=\"_blank\" rel=\"noreferrer noopener\">Presentacio\u0301 Barcelona Sustainable Gastronomy<\/a><a href=\"https:\/\/barcelonasustainablegastronomy.com\/wp-content\/uploads\/2023\/12\/Presentacio-Barcelona-Sustainable-Gastronomy.pdf\" class=\"wp-block-file__button wp-element-button\" download aria-describedby=\"wp-block-file--media-4806e77f-bf06-4b96-a961-4e7c1382f033\">Baixa<\/a><\/div>\n\n\n\n<div class=\"wp-block-file\"><a id=\"wp-block-file--media-4617b27c-6b49-4775-8e3b-c12c90fbc749\" href=\"https:\/\/barcelonasustainablegastronomy.com\/wp-content\/uploads\/2024\/02\/NdP-Cat.pdf\" target=\"_blank\" rel=\"noreferrer noopener\">Nota de premsa<\/a><a href=\"https:\/\/barcelonasustainablegastronomy.com\/wp-content\/uploads\/2024\/02\/NdP-Cat.pdf\" class=\"wp-block-file__button wp-element-button\" download aria-describedby=\"wp-block-file--media-4617b27c-6b49-4775-8e3b-c12c90fbc749\">Baixa<\/a><\/div>\n","protected":false},"excerpt":{"rendered":"<p>Posem a disposici\u00f3 dels professionals dels mitjans de comunicaci\u00f3 tota la informaci\u00f3 i els materials relatius al projecte perqu\u00e8 puguin comunicar-ho. Tamb\u00e9 podeu emplenar el formulari de contacte per sol\u00b7licitar informaci\u00f3 addicional.<\/p>\n","protected":false},"author":1,"featured_media":177,"parent":0,"menu_order":0,"comment_status":"closed","ping_status":"closed","template":"","meta":{"_acf_changed":false,"footnotes":""},"class_list":["post-30","page","type-page","status-publish","has-post-thumbnail","hentry"],"acf":[],"yoast_head":"<!-- This site is optimized with the Yoast SEO plugin v27.3 - https:\/\/yoast.com\/product\/yoast-seo-wordpress\/ -->\n<title>Sala de premsa - Barcelona Sustainable Gastronomy<\/title>\n<meta name=\"description\" content=\"El projecte Barcelona Gastronomia Sostenible neix per identificar i acompanyar els restaurants de Barcelona que aposten per la sostenibilitat i les bones pr\u00e0ctiques d&#039;acord amb els 17 Objectius de Desenvolupament Sostenible de les Nacions Unides.\" \/>\n<meta name=\"robots\" content=\"index, follow, max-snippet:-1, max-image-preview:large, max-video-preview:-1\" \/>\n<link rel=\"canonical\" href=\"https:\/\/barcelonasustainablegastronomy.com\/sala-de-premsa\/\" \/>\n<meta property=\"og:locale\" content=\"ca_ES\" \/>\n<meta property=\"og:type\" content=\"article\" \/>\n<meta property=\"og:title\" content=\"Sala de premsa - Barcelona Sustainable Gastronomy\" \/>\n<meta property=\"og:description\" content=\"El projecte Barcelona Gastronomia Sostenible neix per identificar i acompanyar els restaurants de Barcelona que aposten per la sostenibilitat i les bones pr\u00e0ctiques d&#039;acord amb els 17 Objectius de Desenvolupament Sostenible de les Nacions Unides.\" \/>\n<meta property=\"og:url\" content=\"https:\/\/barcelonasustainablegastronomy.com\/sala-de-premsa\/\" \/>\n<meta property=\"og:site_name\" content=\"Barcelona Sustainable Gastronomy\" \/>\n<meta property=\"article:modified_time\" content=\"2024-02-16T07:06:11+00:00\" \/>\n<meta property=\"og:image\" content=\"https:\/\/barcelonasustainablegastronomy.com\/wp-content\/uploads\/2023\/11\/DecalingFinestra_rtcj_ok.jpg\" \/>\n\t<meta property=\"og:image:width\" content=\"1920\" \/>\n\t<meta property=\"og:image:height\" content=\"1280\" \/>\n\t<meta property=\"og:image:type\" content=\"image\/jpeg\" \/>\n<meta name=\"twitter:card\" content=\"summary_large_image\" \/>\n<meta name=\"twitter:title\" content=\"Sala de premsa - Barcelona Sustainable Gastronomy\" \/>\n<meta name=\"twitter:description\" content=\"El projecte Barcelona Gastronomia Sostenible neix per identificar i acompanyar els restaurants de Barcelona que aposten per la sostenibilitat i les bones pr\u00e0ctiques d&#039;acord amb els 17 Objectius de Desenvolupament Sostenible de les Nacions Unides.\" \/>\n<meta name=\"twitter:image\" content=\"https:\/\/barcelonasustainablegastronomy.com\/wp-content\/uploads\/2023\/11\/DecalingFinestra_rtcj_ok_1_x1.jpg\" \/>\n<script type=\"application\/ld+json\" class=\"yoast-schema-graph\">{\"@context\":\"https:\\\/\\\/schema.org\",\"@graph\":[{\"@type\":\"WebPage\",\"@id\":\"https:\\\/\\\/barcelonasustainablegastronomy.com\\\/sala-de-premsa\\\/\",\"url\":\"https:\\\/\\\/barcelonasustainablegastronomy.com\\\/sala-de-premsa\\\/\",\"name\":\"Sala de premsa - Barcelona Sustainable Gastronomy\",\"isPartOf\":{\"@id\":\"https:\\\/\\\/barcelonasustainablegastronomy.com\\\/#website\"},\"primaryImageOfPage\":{\"@id\":\"https:\\\/\\\/barcelonasustainablegastronomy.com\\\/sala-de-premsa\\\/#primaryimage\"},\"image\":{\"@id\":\"https:\\\/\\\/barcelonasustainablegastronomy.com\\\/sala-de-premsa\\\/#primaryimage\"},\"thumbnailUrl\":\"https:\\\/\\\/barcelonasustainablegastronomy.com\\\/wp-content\\\/uploads\\\/2023\\\/11\\\/GettyImages-1590056415_ret.jpg\",\"datePublished\":\"2023-11-07T12:09:10+00:00\",\"dateModified\":\"2024-02-16T07:06:11+00:00\",\"description\":\"El projecte Barcelona Gastronomia Sostenible neix per identificar i acompanyar els restaurants de Barcelona que aposten per la sostenibilitat i les bones pr\u00e0ctiques d'acord amb els 17 Objectius de Desenvolupament Sostenible de les Nacions Unides.\",\"breadcrumb\":{\"@id\":\"https:\\\/\\\/barcelonasustainablegastronomy.com\\\/sala-de-premsa\\\/#breadcrumb\"},\"inLanguage\":\"ca\",\"potentialAction\":[{\"@type\":\"ReadAction\",\"target\":[\"https:\\\/\\\/barcelonasustainablegastronomy.com\\\/sala-de-premsa\\\/\"]}]},{\"@type\":\"ImageObject\",\"inLanguage\":\"ca\",\"@id\":\"https:\\\/\\\/barcelonasustainablegastronomy.com\\\/sala-de-premsa\\\/#primaryimage\",\"url\":\"https:\\\/\\\/barcelonasustainablegastronomy.com\\\/wp-content\\\/uploads\\\/2023\\\/11\\\/GettyImages-1590056415_ret.jpg\",\"contentUrl\":\"https:\\\/\\\/barcelonasustainablegastronomy.com\\\/wp-content\\\/uploads\\\/2023\\\/11\\\/GettyImages-1590056415_ret.jpg\",\"width\":1920,\"height\":1280},{\"@type\":\"BreadcrumbList\",\"@id\":\"https:\\\/\\\/barcelonasustainablegastronomy.com\\\/sala-de-premsa\\\/#breadcrumb\",\"itemListElement\":[{\"@type\":\"ListItem\",\"position\":1,\"name\":\"Inici\",\"item\":\"https:\\\/\\\/barcelonasustainablegastronomy.com\\\/\"},{\"@type\":\"ListItem\",\"position\":2,\"name\":\"Sala de premsa\"}]},{\"@type\":\"WebSite\",\"@id\":\"https:\\\/\\\/barcelonasustainablegastronomy.com\\\/#website\",\"url\":\"https:\\\/\\\/barcelonasustainablegastronomy.com\\\/\",\"name\":\"Barcelona Sustainable Gastronomy Cooking for the Future\",\"description\":\"\",\"publisher\":{\"@id\":\"https:\\\/\\\/barcelonasustainablegastronomy.com\\\/#organization\"},\"potentialAction\":[{\"@type\":\"SearchAction\",\"target\":{\"@type\":\"EntryPoint\",\"urlTemplate\":\"https:\\\/\\\/barcelonasustainablegastronomy.com\\\/?s={search_term_string}\"},\"query-input\":{\"@type\":\"PropertyValueSpecification\",\"valueRequired\":true,\"valueName\":\"search_term_string\"}}],\"inLanguage\":\"ca\"},{\"@type\":\"Organization\",\"@id\":\"https:\\\/\\\/barcelonasustainablegastronomy.com\\\/#organization\",\"name\":\"Barcelona Sustainable Gastronomy Cooking for the Future\",\"url\":\"https:\\\/\\\/barcelonasustainablegastronomy.com\\\/\",\"logo\":{\"@type\":\"ImageObject\",\"inLanguage\":\"ca\",\"@id\":\"https:\\\/\\\/barcelonasustainablegastronomy.com\\\/#\\\/schema\\\/logo\\\/image\\\/\",\"url\":\"https:\\\/\\\/barcelonasustainablegastronomy.com\\\/wp-content\\\/uploads\\\/2023\\\/11\\\/bcnSustainableGastronomy_logo_mail.png\",\"contentUrl\":\"https:\\\/\\\/barcelonasustainablegastronomy.com\\\/wp-content\\\/uploads\\\/2023\\\/11\\\/bcnSustainableGastronomy_logo_mail.png\",\"width\":220,\"height\":62,\"caption\":\"Barcelona Sustainable Gastronomy Cooking for the Future\"},\"image\":{\"@id\":\"https:\\\/\\\/barcelonasustainablegastronomy.com\\\/#\\\/schema\\\/logo\\\/image\\\/\"}}]}<\/script>\n<!-- \/ Yoast SEO plugin. -->","yoast_head_json":{"title":"Sala de premsa - Barcelona Sustainable Gastronomy","description":"El projecte Barcelona Gastronomia Sostenible neix per identificar i acompanyar els restaurants de Barcelona que aposten per la sostenibilitat i les bones pr\u00e0ctiques d'acord amb els 17 Objectius de Desenvolupament Sostenible de les Nacions Unides.","robots":{"index":"index","follow":"follow","max-snippet":"max-snippet:-1","max-image-preview":"max-image-preview:large","max-video-preview":"max-video-preview:-1"},"canonical":"https:\/\/barcelonasustainablegastronomy.com\/sala-de-premsa\/","og_locale":"ca_ES","og_type":"article","og_title":"Sala de premsa - Barcelona Sustainable Gastronomy","og_description":"El projecte Barcelona Gastronomia Sostenible neix per identificar i acompanyar els restaurants de Barcelona que aposten per la sostenibilitat i les bones pr\u00e0ctiques d'acord amb els 17 Objectius de Desenvolupament Sostenible de les Nacions Unides.","og_url":"https:\/\/barcelonasustainablegastronomy.com\/sala-de-premsa\/","og_site_name":"Barcelona Sustainable Gastronomy","article_modified_time":"2024-02-16T07:06:11+00:00","og_image":[{"url":"https:\/\/barcelonasustainablegastronomy.com\/wp-content\/uploads\/2023\/11\/DecalingFinestra_rtcj_ok.jpg","width":1920,"height":1280,"type":"image\/jpeg"}],"twitter_card":"summary_large_image","twitter_title":"Sala de premsa - Barcelona Sustainable Gastronomy","twitter_description":"El projecte Barcelona Gastronomia Sostenible neix per identificar i acompanyar els restaurants de Barcelona que aposten per la sostenibilitat i les bones pr\u00e0ctiques d'acord amb els 17 Objectius de Desenvolupament Sostenible de les Nacions Unides.","twitter_image":"https:\/\/barcelonasustainablegastronomy.com\/wp-content\/uploads\/2023\/11\/DecalingFinestra_rtcj_ok_1_x1.jpg","schema":{"@context":"https:\/\/schema.org","@graph":[{"@type":"WebPage","@id":"https:\/\/barcelonasustainablegastronomy.com\/sala-de-premsa\/","url":"https:\/\/barcelonasustainablegastronomy.com\/sala-de-premsa\/","name":"Sala de premsa - Barcelona Sustainable Gastronomy","isPartOf":{"@id":"https:\/\/barcelonasustainablegastronomy.com\/#website"},"primaryImageOfPage":{"@id":"https:\/\/barcelonasustainablegastronomy.com\/sala-de-premsa\/#primaryimage"},"image":{"@id":"https:\/\/barcelonasustainablegastronomy.com\/sala-de-premsa\/#primaryimage"},"thumbnailUrl":"https:\/\/barcelonasustainablegastronomy.com\/wp-content\/uploads\/2023\/11\/GettyImages-1590056415_ret.jpg","datePublished":"2023-11-07T12:09:10+00:00","dateModified":"2024-02-16T07:06:11+00:00","description":"El projecte Barcelona Gastronomia Sostenible neix per identificar i acompanyar els restaurants de Barcelona que aposten per la sostenibilitat i les bones pr\u00e0ctiques d'acord amb els 17 Objectius de Desenvolupament Sostenible de les Nacions Unides.","breadcrumb":{"@id":"https:\/\/barcelonasustainablegastronomy.com\/sala-de-premsa\/#breadcrumb"},"inLanguage":"ca","potentialAction":[{"@type":"ReadAction","target":["https:\/\/barcelonasustainablegastronomy.com\/sala-de-premsa\/"]}]},{"@type":"ImageObject","inLanguage":"ca","@id":"https:\/\/barcelonasustainablegastronomy.com\/sala-de-premsa\/#primaryimage","url":"https:\/\/barcelonasustainablegastronomy.com\/wp-content\/uploads\/2023\/11\/GettyImages-1590056415_ret.jpg","contentUrl":"https:\/\/barcelonasustainablegastronomy.com\/wp-content\/uploads\/2023\/11\/GettyImages-1590056415_ret.jpg","width":1920,"height":1280},{"@type":"BreadcrumbList","@id":"https:\/\/barcelonasustainablegastronomy.com\/sala-de-premsa\/#breadcrumb","itemListElement":[{"@type":"ListItem","position":1,"name":"Inici","item":"https:\/\/barcelonasustainablegastronomy.com\/"},{"@type":"ListItem","position":2,"name":"Sala de premsa"}]},{"@type":"WebSite","@id":"https:\/\/barcelonasustainablegastronomy.com\/#website","url":"https:\/\/barcelonasustainablegastronomy.com\/","name":"Barcelona Sustainable Gastronomy Cooking for the Future","description":"","publisher":{"@id":"https:\/\/barcelonasustainablegastronomy.com\/#organization"},"potentialAction":[{"@type":"SearchAction","target":{"@type":"EntryPoint","urlTemplate":"https:\/\/barcelonasustainablegastronomy.com\/?s={search_term_string}"},"query-input":{"@type":"PropertyValueSpecification","valueRequired":true,"valueName":"search_term_string"}}],"inLanguage":"ca"},{"@type":"Organization","@id":"https:\/\/barcelonasustainablegastronomy.com\/#organization","name":"Barcelona Sustainable Gastronomy Cooking for the Future","url":"https:\/\/barcelonasustainablegastronomy.com\/","logo":{"@type":"ImageObject","inLanguage":"ca","@id":"https:\/\/barcelonasustainablegastronomy.com\/#\/schema\/logo\/image\/","url":"https:\/\/barcelonasustainablegastronomy.com\/wp-content\/uploads\/2023\/11\/bcnSustainableGastronomy_logo_mail.png","contentUrl":"https:\/\/barcelonasustainablegastronomy.com\/wp-content\/uploads\/2023\/11\/bcnSustainableGastronomy_logo_mail.png","width":220,"height":62,"caption":"Barcelona Sustainable Gastronomy Cooking for the Future"},"image":{"@id":"https:\/\/barcelonasustainablegastronomy.com\/#\/schema\/logo\/image\/"}}]}},"_links":{"self":[{"href":"https:\/\/barcelonasustainablegastronomy.com\/ca\/wp-json\/wp\/v2\/pages\/30","targetHints":{"allow":["GET"]}}],"collection":[{"href":"https:\/\/barcelonasustainablegastronomy.com\/ca\/wp-json\/wp\/v2\/pages"}],"about":[{"href":"https:\/\/barcelonasustainablegastronomy.com\/ca\/wp-json\/wp\/v2\/types\/page"}],"author":[{"embeddable":true,"href":"https:\/\/barcelonasustainablegastronomy.com\/ca\/wp-json\/wp\/v2\/users\/1"}],"replies":[{"embeddable":true,"href":"https:\/\/barcelonasustainablegastronomy.com\/ca\/wp-json\/wp\/v2\/comments?post=30"}],"version-history":[{"count":15,"href":"https:\/\/barcelonasustainablegastronomy.com\/ca\/wp-json\/wp\/v2\/pages\/30\/revisions"}],"predecessor-version":[{"id":814,"href":"https:\/\/barcelonasustainablegastronomy.com\/ca\/wp-json\/wp\/v2\/pages\/30\/revisions\/814"}],"wp:featuredmedia":[{"embeddable":true,"href":"https:\/\/barcelonasustainablegastronomy.com\/ca\/wp-json\/wp\/v2\/media\/177"}],"wp:attachment":[{"href":"https:\/\/barcelonasustainablegastronomy.com\/ca\/wp-json\/wp\/v2\/media?parent=30"}],"curies":[{"name":"wp","href":"https:\/\/api.w.org\/{rel}","templated":true}]}}